{"id":155,"date":"2020-05-04T06:40:16","date_gmt":"2020-05-04T06:40:16","guid":{"rendered":"\/?page_id=155"},"modified":"2025-04-08T12:31:36","modified_gmt":"2025-04-08T10:31:36","slug":"redovisning","status":"publish","type":"page","link":"https:\/\/dkr.se\/en\/vad\/redovisning\/","title":{"rendered":"Accounting"},"content":{"rendered":"<div data-elementor-type=\"wp-page\" data-elementor-id=\"155\" class=\"elementor elementor-155\" data-elementor-post-type=\"page\">\n\t\t\t\t\t\t<section class=\"elementor-section elementor-top-section elementor-element elementor-element-ff5a8b6 elementor-section-stretched elementor-section-boxed elementor-section-height-default elementor-section-height-default\" data-id=\"ff5a8b6\" data-element_type=\"section\" data-settings=\"{&quot;stretch_section&quot;:&quot;section-stretched&quot;,&quot;background_background&quot;:&quot;classic&quot;}\">\n\t\t\t\t\t\t<div class=\"elementor-container elementor-column-gap-default\">\n\t\t\t\t\t<div class=\"elementor-column elementor-col-100 elementor-top-column elementor-element elementor-element-ff271a9\" data-id=\"ff271a9\" data-element_type=\"column\">\n\t\t\t<div class=\"elementor-widget-wrap elementor-element-populated\">\n\t\t\t\t\t\t<div class=\"elementor-element elementor-element-4dde8e3 elementor-widget elementor-widget-global elementor-global-3611 elementor-widget-spacer\" data-id=\"4dde8e3\" data-element_type=\"widget\" data-widget_type=\"spacer.default\">\n\t\t\t\t<div class=\"elementor-widget-container\">\n\t\t\t\t\t<div class=\"elementor-spacer\">\n\t\t\t<div class=\"elementor-spacer-inner\"><\/div>\n\t\t<\/div>\n\t\t\t\t<\/div>\n\t\t\t\t<\/div>\n\t\t\t\t<section class=\"elementor-section elementor-inner-section elementor-element elementor-element-269e4bb elementor-section-content-middle elementor-reverse-mobile elementor-section-boxed elementor-section-height-default elementor-section-height-default\" data-id=\"269e4bb\" data-element_type=\"section\">\n\t\t\t\t\t\t<div class=\"elementor-container elementor-column-gap-default\">\n\t\t\t\t\t<div class=\"elementor-column elementor-col-50 elementor-inner-column elementor-element elementor-element-bf60460\" data-id=\"bf60460\" data-element_type=\"column\">\n\t\t\t<div class=\"elementor-widget-wrap elementor-element-populated\">\n\t\t\t\t\t\t<div class=\"elementor-element elementor-element-5034c0c elementor-widget elementor-widget-heading\" data-id=\"5034c0c\" data-element_type=\"widget\" data-widget_type=\"heading.default\">\n\t\t\t\t<div class=\"elementor-widget-container\">\n\t\t\t<h5 class=\"elementor-heading-title elementor-size-default\">Services <\/h5>\t\t<\/div>\n\t\t\t\t<\/div>\n\t\t\t\t<div class=\"elementor-element elementor-element-2f5b743 elementor-widget elementor-widget-heading\" data-id=\"2f5b743\" data-element_type=\"widget\" data-widget_type=\"heading.default\">\n\t\t\t\t<div class=\"elementor-widget-container\">\n\t\t\t<h1 class=\"elementor-heading-title elementor-size-default\">Accounting<\/h1>\t\t<\/div>\n\t\t\t\t<\/div>\n\t\t\t\t<div class=\"elementor-element elementor-element-958e61e elementor-widget elementor-widget-breadcrumbs\" data-id=\"958e61e\" data-element_type=\"widget\" data-widget_type=\"breadcrumbs.default\">\n\t\t\t\t<div class=\"elementor-widget-container\">\n\t\t\t<p id=\"breadcrumbs\"><span><span><a href=\"http:\/\/dkr.se\/en\/\">Home<\/a><\/span><\/span><\/p>\t\t<\/div>\n\t\t\t\t<\/div>\n\t\t\t\t\t<\/div>\n\t\t<\/div>\n\t\t\t\t<div class=\"elementor-column elementor-col-50 elementor-inner-column elementor-element elementor-element-a949eee\" data-id=\"a949eee\" data-element_type=\"column\">\n\t\t\t<div class=\"elementor-widget-wrap elementor-element-populated\">\n\t\t\t\t\t\t<div class=\"elementor-element elementor-element-28c6fdb elementor-view-default elementor-widget elementor-widget-icon\" data-id=\"28c6fdb\" data-element_type=\"widget\" data-widget_type=\"icon.default\">\n\t\t\t\t<div class=\"elementor-widget-container\">\n\t\t\t\t\t<div class=\"elementor-icon-wrapper\">\n\t\t\t<div class=\"elementor-icon\">\n\t\t\t<svg xmlns=\"http:\/\/www.w3.org\/2000\/svg\" xmlns:xlink=\"http:\/\/www.w3.org\/1999\/xlink\" id=\"Group_29\" data-name=\"Group 29\" width=\"123.583\" height=\"257.897\" viewbox=\"0 0 123.583 257.897\"><defs><clippath id=\"clip-path\"><rect id=\"Rectangle_34\" data-name=\"Rectangle 34\" width=\"123.583\" height=\"257.897\" fill=\"none\"><\/rect><\/clippath><\/defs><g id=\"Group_28\" data-name=\"Group 28\" clip-path=\"url(#clip-path)\"><path id=\"Path_302\" data-name=\"Path 302\" d=\"M13.054,21.73V13.888a1.157,1.157,0,0,1,1.157-1.157h95.484a1.157,1.157,0,0,1,1.157,1.157v8.866A48.963,48.963,0,0,1,64.813,71.571C36.373,73.219,13.054,50.218,13.054,21.73m110.529,1.024V1.64A1.64,1.64,0,0,0,121.943,0H1.963A1.64,1.64,0,0,0,.323,1.64V21.631C.323,57.136,29.8,86.178,65.256,84.3a61.709,61.709,0,0,0,58.327-61.543\"><\/path><path id=\"Path_303\" data-name=\"Path 303\" d=\"M2.8,257.413,59.223,200.99a.323.323,0,0,1,.512.073,33.828,33.828,0,0,0,63.485-14.627,1.654,1.654,0,0,0-1.64-1.754h-9.471a1.63,1.63,0,0,0-1.629,1.511,21.292,21.292,0,0,1-21.992,19.742C76.955,205.521,68,195.66,68,184.12V112.536a.328.328,0,0,1,.56-.232l51.909,51.919a1.64,1.64,0,0,0,2.8-1.16V150.374a3.28,3.28,0,0,0-.961-2.32L63.264,89.01a2.3,2.3,0,0,0-3.248,0L.961,148.054A3.28,3.28,0,0,0,0,150.374v12.678a1.64,1.64,0,0,0,2.8,1.16l51.909-51.9a.328.328,0,0,1,.56.232v71.373c0,.926.044,1.843.116,2.754a.317.317,0,0,1-.093.252L.961,241.256A3.276,3.276,0,0,0,0,243.576v12.677a1.64,1.64,0,0,0,2.8,1.16\"><\/path><\/g><\/svg>\t\t\t<\/div>\n\t\t<\/div>\n\t\t\t\t<\/div>\n\t\t\t\t<\/div>\n\t\t\t\t\t<\/div>\n\t\t<\/div>\n\t\t\t\t\t<\/div>\n\t\t<\/section>\n\t\t\t\t<div class=\"elementor-element elementor-element-f76e460 elementor-widget elementor-widget-global elementor-global-3611 elementor-widget-spacer\" data-id=\"f76e460\" data-element_type=\"widget\" data-widget_type=\"spacer.default\">\n\t\t\t\t<div class=\"elementor-widget-container\">\n\t\t\t\t\t<div class=\"elementor-spacer\">\n\t\t\t<div class=\"elementor-spacer-inner\"><\/div>\n\t\t<\/div>\n\t\t\t\t<\/div>\n\t\t\t\t<\/div>\n\t\t\t\t\t<\/div>\n\t\t<\/div>\n\t\t\t\t\t<\/div>\n\t\t<\/section>\n\t\t\t\t<section class=\"elementor-section elementor-top-section elementor-element elementor-element-6e9a137c elementor-section-boxed elementor-section-height-default elementor-section-height-default\" data-id=\"6e9a137c\" data-element_type=\"section\">\n\t\t\t\t\t\t<div class=\"elementor-container elementor-column-gap-default\">\n\t\t\t\t\t<div class=\"elementor-column elementor-col-100 elementor-top-column elementor-element elementor-element-12793373\" data-id=\"12793373\" data-element_type=\"column\">\n\t\t\t<div class=\"elementor-widget-wrap elementor-element-populated\">\n\t\t\t\t\t\t<div class=\"elementor-element elementor-element-6afc702 elementor-widget elementor-widget-global elementor-global-3611 elementor-widget-spacer\" data-id=\"6afc702\" data-element_type=\"widget\" data-widget_type=\"spacer.default\">\n\t\t\t\t<div class=\"elementor-widget-container\">\n\t\t\t\t\t<div class=\"elementor-spacer\">\n\t\t\t<div class=\"elementor-spacer-inner\"><\/div>\n\t\t<\/div>\n\t\t\t\t<\/div>\n\t\t\t\t<\/div>\n\t\t\t\t<div class=\"elementor-element elementor-element-2f369998 elementor-widget elementor-widget-text-editor\" data-id=\"2f369998\" data-element_type=\"widget\" data-widget_type=\"text-editor.default\">\n\t\t\t\t<div class=\"elementor-widget-container\">\n\t\t\t\t\t\t\t<!-- wp:paragraph -->\n<p>A couple of years ago, we completely left the traditional way of doing bookkeeping.<\/p>\n<!-- \/wp:paragraph --><!-- wp:paragraph -->\n<p>Everything is now done completely paperless and via our digital platform that you access via the cloud.<\/p>\n<!-- \/wp:paragraph --><!-- wp:paragraph -->\n<p>Current accounting, VAT reporting, annual accounts, annual report and tax returns can even be managed from a smart phone.<\/p>\n<!-- \/wp:paragraph --><!-- wp:paragraph -->\n<p>\u00a0<\/p>\n<!-- \/wp:paragraph --><!-- wp:paragraph -->\n<p>We report and follow up on an ongoing basis based on the needs of your business and in the way you wish.<\/p>\n<!-- \/wp:paragraph --><!-- wp:paragraph -->\n<p>Via our simple reporting tools, you can easily get an overview and also dive deep into the numbers.\u00a0<\/p>\n<!-- \/wp:paragraph --><!-- wp:paragraph -->\n<p>Together, we regularly review outcomes and the future.<\/p>\n<!-- \/wp:paragraph -->\t\t\t\t\t\t<\/div>\n\t\t\t\t<\/div>\n\t\t\t\t<div class=\"elementor-element elementor-element-5f76809 elementor-widget elementor-widget-global elementor-global-3611 elementor-widget-spacer\" data-id=\"5f76809\" data-element_type=\"widget\" data-widget_type=\"spacer.default\">\n\t\t\t\t<div class=\"elementor-widget-container\">\n\t\t\t\t\t<div class=\"elementor-spacer\">\n\t\t\t<div class=\"elementor-spacer-inner\"><\/div>\n\t\t<\/div>\n\t\t\t\t<\/div>\n\t\t\t\t<\/div>\n\t\t\t\t\t<\/div>\n\t\t<\/div>\n\t\t\t\t\t<\/div>\n\t\t<\/section>\n\t\t\t\t<section class=\"elementor-section elementor-top-section elementor-element elementor-element-a273792 elementor-section-full_width elementor-section-stretched elementor-section-height-default elementor-section-height-default\" data-id=\"a273792\" data-element_type=\"section\" data-settings=\"{&quot;stretch_section&quot;:&quot;section-stretched&quot;}\">\n\t\t\t\t\t\t<div class=\"elementor-container elementor-column-gap-no\">\n\t\t\t\t\t<div class=\"elementor-column elementor-col-100 elementor-top-column elementor-element elementor-element-433a138\" data-id=\"433a138\" data-element_type=\"column\">\n\t\t\t<div class=\"elementor-widget-wrap elementor-element-populated\">\n\t\t\t\t\t\t<div class=\"elementor-element elementor-element-51b4b31 elementor-widget elementor-widget-template\" data-id=\"51b4b31\" data-element_type=\"widget\" data-widget_type=\"template.default\">\n\t\t\t\t<div class=\"elementor-widget-container\">\n\t\t\t\t\t<div class=\"elementor-template\">\n\t\t\t\t\t<div data-elementor-type=\"section\" data-elementor-id=\"3861\" class=\"elementor elementor-3861\" data-elementor-post-type=\"elementor_library\">\n\t\t\t\t\t<section class=\"elementor-section elementor-top-section elementor-element elementor-element-24a56c22 elementor-section-boxed elementor-section-height-default elementor-section-height-default\" data-id=\"24a56c22\" data-element_type=\"section\" data-settings=\"{&quot;background_background&quot;:&quot;classic&quot;}\">\n\t\t\t\t\t\t<div class=\"elementor-container elementor-column-gap-wider\">\n\t\t\t\t\t<div class=\"elementor-column elementor-col-100 elementor-top-column elementor-element elementor-element-75d93585\" data-id=\"75d93585\" data-element_type=\"column\">\n\t\t\t<div class=\"elementor-widget-wrap elementor-element-populated\">\n\t\t\t\t\t\t<div class=\"elementor-element elementor-element-507e0698 elementor-widget elementor-widget-heading\" data-id=\"507e0698\" data-element_type=\"widget\" data-widget_type=\"heading.default\">\n\t\t\t\t<div class=\"elementor-widget-container\">\n\t\t\t<h5 class=\"elementor-heading-title elementor-size-default\">Share with your contacts<\/h5>\t\t<\/div>\n\t\t\t\t<\/div>\n\t\t\t\t<div class=\"elementor-element elementor-element-24445aee elementor-share-buttons--view-icon elementor-share-buttons--skin-flat elementor-share-buttons--align-center elementor-share-buttons--shape-square elementor-grid-0 elementor-share-buttons--color-official elementor-widget elementor-widget-share-buttons\" data-id=\"24445aee\" data-element_type=\"widget\" data-widget_type=\"share-buttons.default\">\n\t\t\t\t<div class=\"elementor-widget-container\">\n\t\t\t\t\t<div class=\"elementor-grid\">\n\t\t\t\t\t\t\t\t<div class=\"elementor-grid-item\">\n\t\t\t\t\t\t<div\n\t\t\t\t\t\t\tclass=\"elementor-share-btn elementor-share-btn_facebook\"\n\t\t\t\t\t\t\trole=\"button\"\n\t\t\t\t\t\t\ttabindex=\"0\"\n\t\t\t\t\t\t\taria-label=\"Share on facebook\"\n\t\t\t\t\t\t>\n\t\t\t\t\t\t\t\t\t\t\t\t\t\t\t<span class=\"elementor-share-btn__icon\">\n\t\t\t\t\t\t\t\t<i class=\"fab fa-facebook\" aria-hidden=\"true\"><\/i>\t\t\t\t\t\t\t<\/span>\n\t\t\t\t\t\t\t\t\t\t\t\t\t\t\t\t\t\t\t\t<\/div>\n\t\t\t\t\t<\/div>\n\t\t\t\t\t\t\t\t\t<div class=\"elementor-grid-item\">\n\t\t\t\t\t\t<div\n\t\t\t\t\t\t\tclass=\"elementor-share-btn elementor-share-btn_x-twitter\"\n\t\t\t\t\t\t\trole=\"button\"\n\t\t\t\t\t\t\ttabindex=\"0\"\n\t\t\t\t\t\t\taria-label=\"Share on x-twitter\"\n\t\t\t\t\t\t>\n\t\t\t\t\t\t\t\t\t\t\t\t\t\t\t<span class=\"elementor-share-btn__icon\">\n\t\t\t\t\t\t\t\t<i class=\"fab fa-x-twitter\" aria-hidden=\"true\"><\/i>\t\t\t\t\t\t\t<\/span>\n\t\t\t\t\t\t\t\t\t\t\t\t\t\t\t\t\t\t\t\t<\/div>\n\t\t\t\t\t<\/div>\n\t\t\t\t\t\t\t\t\t<div class=\"elementor-grid-item\">\n\t\t\t\t\t\t<div\n\t\t\t\t\t\t\tclass=\"elementor-share-btn elementor-share-btn_linkedin\"\n\t\t\t\t\t\t\trole=\"button\"\n\t\t\t\t\t\t\ttabindex=\"0\"\n\t\t\t\t\t\t\taria-label=\"Share on linkedin\"\n\t\t\t\t\t\t>\n\t\t\t\t\t\t\t\t\t\t\t\t\t\t\t<span class=\"elementor-share-btn__icon\">\n\t\t\t\t\t\t\t\t<i class=\"fab fa-linkedin\" aria-hidden=\"true\"><\/i>\t\t\t\t\t\t\t<\/span>\n\t\t\t\t\t\t\t\t\t\t\t\t\t\t\t\t\t\t\t\t<\/div>\n\t\t\t\t\t<\/div>\n\t\t\t\t\t\t\t\t\t<div class=\"elementor-grid-item\">\n\t\t\t\t\t\t<div\n\t\t\t\t\t\t\tclass=\"elementor-share-btn elementor-share-btn_whatsapp\"\n\t\t\t\t\t\t\trole=\"button\"\n\t\t\t\t\t\t\ttabindex=\"0\"\n\t\t\t\t\t\t\taria-label=\"Share on whatsapp\"\n\t\t\t\t\t\t>\n\t\t\t\t\t\t\t\t\t\t\t\t\t\t\t<span class=\"elementor-share-btn__icon\">\n\t\t\t\t\t\t\t\t<i class=\"fab fa-whatsapp\" aria-hidden=\"true\"><\/i>\t\t\t\t\t\t\t<\/span>\n\t\t\t\t\t\t\t\t\t\t\t\t\t\t\t\t\t\t\t\t<\/div>\n\t\t\t\t\t<\/div>\n\t\t\t\t\t\t\t\t\t<div class=\"elementor-grid-item\">\n\t\t\t\t\t\t<div\n\t\t\t\t\t\t\tclass=\"elementor-share-btn elementor-share-btn_email\"\n\t\t\t\t\t\t\trole=\"button\"\n\t\t\t\t\t\t\ttabindex=\"0\"\n\t\t\t\t\t\t\taria-label=\"Share on email\"\n\t\t\t\t\t\t>\n\t\t\t\t\t\t\t\t\t\t\t\t\t\t\t<span class=\"elementor-share-btn__icon\">\n\t\t\t\t\t\t\t\t<i class=\"fas fa-envelope\" aria-hidden=\"true\"><\/i>\t\t\t\t\t\t\t<\/span>\n\t\t\t\t\t\t\t\t\t\t\t\t\t\t\t\t\t\t\t\t<\/div>\n\t\t\t\t\t<\/div>\n\t\t\t\t\t\t<\/div>\n\t\t\t\t<\/div>\n\t\t\t\t<\/div>\n\t\t\t\t<div class=\"elementor-element elementor-element-2ab14dfb elementor-widget elementor-widget-spacer\" data-id=\"2ab14dfb\" data-element_type=\"widget\" data-widget_type=\"spacer.default\">\n\t\t\t\t<div class=\"elementor-widget-container\">\n\t\t\t\t\t<div class=\"elementor-spacer\">\n\t\t\t<div class=\"elementor-spacer-inner\"><\/div>\n\t\t<\/div>\n\t\t\t\t<\/div>\n\t\t\t\t<\/div>\n\t\t\t\t\t<\/div>\n\t\t<\/div>\n\t\t\t\t\t<\/div>\n\t\t<\/section>\n\t\t\t\t<\/div>\n\t\t\t\t<\/div>\n\t\t\t\t<\/div>\n\t\t\t\t<\/div>\n\t\t\t\t\t<\/div>\n\t\t<\/div>\n\t\t\t\t\t<\/div>\n\t\t<\/section>\n\t\t\t\t<\/div>","protected":false},"excerpt":{"rendered":"<p>Services A couple of years ago, we completely left the traditional way of doing bookkeeping. Everything is now done completely paperless and via our digital platform that you access via the cloud. Current accounting, VAT reporting, annual accounts, annual report and tax returns can even be managed from a smart phone.  We report and follow up continuously [...]<\/p>","protected":false},"author":1,"featured_media":1289,"parent":71,"menu_order":0,"comment_status":"closed","ping_status":"closed","template":"","meta":{"footnotes":""},"categories":[12],"tags":[],"class_list":["post-155","page","type-page","status-publish","has-post-thumbnail","hentry","category-tjanster"],"yoast_head":"<!-- This site is optimized with the Yoast SEO plugin v24.8.1 - https:\/\/yoast.com\/wordpress\/plugins\/seo\/ -->\n<title>Redovisning - DKR<\/title>\n<meta name=\"robots\" content=\"index, follow, max-snippet:-1, max-image-preview:large, max-video-preview:-1\" \/>\n<link rel=\"canonical\" href=\"https:\/\/dkr.se\/en\/vad\/redovisning\/\" \/>\n<meta property=\"og:locale\" content=\"en_GB\" \/>\n<meta property=\"og:type\" content=\"article\" \/>\n<meta property=\"og:title\" content=\"Redovisning - DKR\" \/>\n<meta property=\"og:description\" content=\"Tj\u00e4nster F\u00f6r ett par \u00e5r sedan l\u00e4mnade vi helt det traditionella s\u00e4ttet att sk\u00f6ta bokf\u00f6ring p\u00e5. Allt g\u00f6rs numera helt pappersl\u00f6st och via v\u00e5r digitala plattform som du kommer \u00e5t via molnet. L\u00f6pande bokf\u00f6ring, momsredovisning, \u00e5rsbokslut, \u00e5rsredovisning och skattedeklarationer kan till och med sk\u00f6tas fr\u00e5n en smart telefon. \u00a0 Vi rapporterar och f\u00f6ljer upp l\u00f6pande [&hellip;]\" \/>\n<meta property=\"og:url\" content=\"https:\/\/dkr.se\/en\/vad\/redovisning\/\" \/>\n<meta property=\"og:site_name\" content=\"DKR\" \/>\n<meta property=\"article:modified_time\" content=\"2025-04-08T10:31:36+00:00\" \/>\n<meta property=\"og:image\" content=\"https:\/\/dkr.se\/wp-content\/uploads\/2020\/05\/iStock-866452908-1.jpg\" \/>\n\t<meta property=\"og:image:width\" content=\"800\" \/>\n\t<meta property=\"og:image:height\" content=\"800\" \/>\n\t<meta property=\"og:image:type\" content=\"image\/jpeg\" \/>\n<meta name=\"twitter:card\" content=\"summary_large_image\" \/>\n<meta name=\"twitter:label1\" content=\"Estimated reading time\" \/>\n\t<meta name=\"twitter:data1\" content=\"1 minute\" \/>\n<script type=\"application\/ld+json\" class=\"yoast-schema-graph\">{\"@context\":\"https:\/\/schema.org\",\"@graph\":[{\"@type\":\"WebPage\",\"@id\":\"https:\/\/dkr.se\/vad\/redovisning\/\",\"url\":\"https:\/\/dkr.se\/vad\/redovisning\/\",\"name\":\"Redovisning - DKR\",\"isPartOf\":{\"@id\":\"\/#website\"},\"primaryImageOfPage\":{\"@id\":\"https:\/\/dkr.se\/vad\/redovisning\/#primaryimage\"},\"image\":{\"@id\":\"https:\/\/dkr.se\/vad\/redovisning\/#primaryimage\"},\"thumbnailUrl\":\"https:\/\/dkr.se\/wp-content\/uploads\/2020\/05\/iStock-866452908-1.jpg\",\"datePublished\":\"2020-05-04T06:40:16+00:00\",\"dateModified\":\"2025-04-08T10:31:36+00:00\",\"breadcrumb\":{\"@id\":\"https:\/\/dkr.se\/vad\/redovisning\/#breadcrumb\"},\"inLanguage\":\"en-GB\",\"potentialAction\":[{\"@type\":\"ReadAction\",\"target\":[\"https:\/\/dkr.se\/vad\/redovisning\/\"]}]},{\"@type\":\"ImageObject\",\"inLanguage\":\"en-GB\",\"@id\":\"https:\/\/dkr.se\/vad\/redovisning\/#primaryimage\",\"url\":\"https:\/\/dkr.se\/wp-content\/uploads\/2020\/05\/iStock-866452908-1.jpg\",\"contentUrl\":\"https:\/\/dkr.se\/wp-content\/uploads\/2020\/05\/iStock-866452908-1.jpg\",\"width\":800,\"height\":800},{\"@type\":\"BreadcrumbList\",\"@id\":\"https:\/\/dkr.se\/vad\/redovisning\/#breadcrumb\",\"itemListElement\":[{\"@type\":\"ListItem\",\"position\":1,\"name\":\"Hem\",\"item\":\"dkr.se\/\"},{\"@type\":\"ListItem\",\"position\":2,\"name\":\"Vad \u00e4r DKR?\",\"item\":\"https:\/\/dkr.se\/vad\/\"},{\"@type\":\"ListItem\",\"position\":3,\"name\":\"Redovisning\"}]},{\"@type\":\"WebSite\",\"@id\":\"\/#website\",\"url\":\"\/\",\"name\":\"DKR\",\"description\":\"Vi frig\u00f6r din tid och tar hand om l\u00f6n, ekonomi, HR och redovisning.\",\"publisher\":{\"@id\":\"\/#organization\"},\"potentialAction\":[{\"@type\":\"SearchAction\",\"target\":{\"@type\":\"EntryPoint\",\"urlTemplate\":\"\/?s={search_term_string}\"},\"query-input\":{\"@type\":\"PropertyValueSpecification\",\"valueRequired\":true,\"valueName\":\"search_term_string\"}}],\"inLanguage\":\"en-GB\"},{\"@type\":\"Organization\",\"@id\":\"\/#organization\",\"name\":\"Daniel Klasson Redovisning\",\"url\":\"\/\",\"logo\":{\"@type\":\"ImageObject\",\"inLanguage\":\"en-GB\",\"@id\":\"\/#\/schema\/logo\/image\/\",\"url\":\"https:\/\/dkr.se\/wp-content\/uploads\/2020\/04\/DKR-logga-120.png\",\"contentUrl\":\"https:\/\/dkr.se\/wp-content\/uploads\/2020\/04\/DKR-logga-120.png\",\"width\":292,\"height\":120,\"caption\":\"Daniel Klasson Redovisning\"},\"image\":{\"@id\":\"\/#\/schema\/logo\/image\/\"}}]}<\/script>\n<!-- \/ Yoast SEO plugin. -->","yoast_head_json":{"title":"Accounting - DKR","robots":{"index":"index","follow":"follow","max-snippet":"max-snippet:-1","max-image-preview":"max-image-preview:large","max-video-preview":"max-video-preview:-1"},"canonical":"https:\/\/dkr.se\/en\/vad\/redovisning\/","og_locale":"en_GB","og_type":"article","og_title":"Redovisning - DKR","og_description":"Tj\u00e4nster F\u00f6r ett par \u00e5r sedan l\u00e4mnade vi helt det traditionella s\u00e4ttet att sk\u00f6ta bokf\u00f6ring p\u00e5. Allt g\u00f6rs numera helt pappersl\u00f6st och via v\u00e5r digitala plattform som du kommer \u00e5t via molnet. L\u00f6pande bokf\u00f6ring, momsredovisning, \u00e5rsbokslut, \u00e5rsredovisning och skattedeklarationer kan till och med sk\u00f6tas fr\u00e5n en smart telefon. \u00a0 Vi rapporterar och f\u00f6ljer upp l\u00f6pande [&hellip;]","og_url":"https:\/\/dkr.se\/en\/vad\/redovisning\/","og_site_name":"DKR","article_modified_time":"2025-04-08T10:31:36+00:00","og_image":[{"width":800,"height":800,"url":"https:\/\/dkr.se\/wp-content\/uploads\/2020\/05\/iStock-866452908-1.jpg","type":"image\/jpeg"}],"twitter_card":"summary_large_image","twitter_misc":{"Estimated reading time":"1 minute"},"schema":{"@context":"https:\/\/schema.org","@graph":[{"@type":"WebPage","@id":"https:\/\/dkr.se\/vad\/redovisning\/","url":"https:\/\/dkr.se\/vad\/redovisning\/","name":"Accounting - DKR","isPartOf":{"@id":"\/#website"},"primaryImageOfPage":{"@id":"https:\/\/dkr.se\/vad\/redovisning\/#primaryimage"},"image":{"@id":"https:\/\/dkr.se\/vad\/redovisning\/#primaryimage"},"thumbnailUrl":"https:\/\/dkr.se\/wp-content\/uploads\/2020\/05\/iStock-866452908-1.jpg","datePublished":"2020-05-04T06:40:16+00:00","dateModified":"2025-04-08T10:31:36+00:00","breadcrumb":{"@id":"https:\/\/dkr.se\/vad\/redovisning\/#breadcrumb"},"inLanguage":"en-GB","potentialAction":[{"@type":"ReadAction","target":["https:\/\/dkr.se\/vad\/redovisning\/"]}]},{"@type":"ImageObject","inLanguage":"en-GB","@id":"https:\/\/dkr.se\/vad\/redovisning\/#primaryimage","url":"https:\/\/dkr.se\/wp-content\/uploads\/2020\/05\/iStock-866452908-1.jpg","contentUrl":"https:\/\/dkr.se\/wp-content\/uploads\/2020\/05\/iStock-866452908-1.jpg","width":800,"height":800},{"@type":"BreadcrumbList","@id":"https:\/\/dkr.se\/vad\/redovisning\/#breadcrumb","itemListElement":[{"@type":"ListItem","position":1,"name":"Hem","item":"dkr.se\/"},{"@type":"ListItem","position":2,"name":"Vad \u00e4r DKR?","item":"https:\/\/dkr.se\/vad\/"},{"@type":"ListItem","position":3,"name":"Redovisning"}]},{"@type":"WebSite","@id":"\/#website","url":"\/","name":"DKK","description":"We free up your time and take care of salary, finance, HR and accounting.","publisher":{"@id":"\/#organization"},"potentialAction":[{"@type":"SearchAction","target":{"@type":"EntryPoint","urlTemplate":"\/?s={search_term_string}"},"query-input":{"@type":"PropertyValueSpecification","valueRequired":true,"valueName":"search_term_string"}}],"inLanguage":"en-GB"},{"@type":"Organization","@id":"\/#organization","name":"Daniel Klasson Accounting","url":"\/","logo":{"@type":"ImageObject","inLanguage":"en-GB","@id":"\/#\/schema\/logo\/image\/","url":"https:\/\/dkr.se\/wp-content\/uploads\/2020\/04\/DKR-logga-120.png","contentUrl":"https:\/\/dkr.se\/wp-content\/uploads\/2020\/04\/DKR-logga-120.png","width":292,"height":120,"caption":"Daniel Klasson Redovisning"},"image":{"@id":"\/#\/schema\/logo\/image\/"}}]}},"_links":{"self":[{"href":"https:\/\/dkr.se\/en\/wp-json\/wp\/v2\/pages\/155","targetHints":{"allow":["GET"]}}],"collection":[{"href":"https:\/\/dkr.se\/en\/wp-json\/wp\/v2\/pages"}],"about":[{"href":"https:\/\/dkr.se\/en\/wp-json\/wp\/v2\/types\/page"}],"author":[{"embeddable":true,"href":"https:\/\/dkr.se\/en\/wp-json\/wp\/v2\/users\/1"}],"replies":[{"embeddable":true,"href":"https:\/\/dkr.se\/en\/wp-json\/wp\/v2\/comments?post=155"}],"version-history":[{"count":20,"href":"https:\/\/dkr.se\/en\/wp-json\/wp\/v2\/pages\/155\/revisions"}],"predecessor-version":[{"id":4181,"href":"https:\/\/dkr.se\/en\/wp-json\/wp\/v2\/pages\/155\/revisions\/4181"}],"up":[{"embeddable":true,"href":"https:\/\/dkr.se\/en\/wp-json\/wp\/v2\/pages\/71"}],"wp:featuredmedia":[{"embeddable":true,"href":"https:\/\/dkr.se\/en\/wp-json\/wp\/v2\/media\/1289"}],"wp:attachment":[{"href":"https:\/\/dkr.se\/en\/wp-json\/wp\/v2\/media?parent=155"}],"wp:term":[{"taxonomy":"category","embeddable":true,"href":"https:\/\/dkr.se\/en\/wp-json\/wp\/v2\/categories?post=155"},{"taxonomy":"post_tag","embeddable":true,"href":"https:\/\/dkr.se\/en\/wp-json\/wp\/v2\/tags?post=155"}],"curies":[{"name":"wp","href":"https:\/\/api.w.org\/{rel}","templated":true}]}}