{"id":3,"date":"2020-04-30T08:14:05","date_gmt":"2020-04-30T08:14:05","guid":{"rendered":"\/?page_id=3"},"modified":"2020-06-02T09:03:10","modified_gmt":"2020-06-02T09:03:10","slug":"policy-personuppgifter","status":"publish","type":"page","link":"https:\/\/dkr.se\/en\/policy-personuppgifter\/","title":{"rendered":"Policy for handling personal data"},"content":{"rendered":"<p>DKR protects your personal privacy. We ensure that your personal data is always protected with us and that the processing follows current data protection regulations and internal guidelines and routines. This personal data handling policy explains how DKR collects and uses your personal data. It also describes your rights against us and how you can assert your rights.&nbsp;<\/p>\n\n\n\n<h2 class=\"wp-block-heading\">Generally<\/h2>\n\n\n\n<p>By using DKR&#039;s services, you agree to our policy for handling personal data and our processing of your personal data. You also agree that DKR uses electronic communication channels to send you information. It is important that you read and understand our policy for the processing of personal data before using our services.<\/p>\n\n\n\n<p>In order to be able to offer you our services (such as Salary, Finance and HR and our customer portal), we need to process your personal data as below. We do this with the greatest possible consideration for your privacy.&nbsp;<\/p>\n\n\n\n<h2 class=\"wp-block-heading\">Personal data<\/h2>\n\n\n\n<h3 class=\"wp-block-heading\">What information do we collect?<\/h3>\n\n\n\n<p>The personal data we process are those that you yourself choose to provide to us. You may directly or indirectly provide us with information about yourself in a number of different ways, such as when you contact us, when you use our customer portal to, for example, register a case with us or any other of DKR&#039;s services where you leave personal data. We will use this information to best handle and respond to your request. When registering via contact form or case management, the IP number from which you contact us is also saved. The information about the IP number is only used for our identification of the sender in the event that it is necessary.&nbsp;<\/p>\n\n\n\n<p>Examples of personal data processed may be:&nbsp;<\/p>\n\n\n\n<h4 class=\"wp-block-heading\">Person and contact information <\/h4>\n\n\n\n<p>\u2013 name, date of birth, social security number, billing address, email address, mobile number, etc.<\/p>\n\n\n\n<h4 class=\"wp-block-heading\">Payment Information<\/h4>\n\n\n\n<p>\u2013 invoice information, payment information, bank account number, etc.\u00a0<\/p>\n\n\n\n<h4 class=\"wp-block-heading\">Financial information<\/h4>\n\n\n\n<p>\u2013 Any credit, debt or negative payment history.<\/p>\n\n\n\n<h4 class=\"wp-block-heading\">Device information<\/h4>\n\n\n\n<p>- e.g. IP addresses, language settings, browser settings, time zone, operating system, platform and screen resolution.<\/p>\n\n\n\n<h3 class=\"wp-block-heading\">What do we do with the information?<\/h3>\n\n\n\n<p>The information you give us, the information we collect about you and the financial information is necessary to enter into a contractual relationship with us. The information may also be necessary to provide, perform and improve our services.&nbsp;<\/p>\n\n\n\n<h3 class=\"wp-block-heading\">Who may we share your information with?<\/h3>\n\n\n\n<p>The personal data may be disclosed to our partners in the manner and to the extent required to be able to fulfill and perform our contractual obligations towards you. We take all reasonable, legal, technical and organizational measures to ensure that your information is handled securely and with an adequate level of protection when transferred to or shared with such selected third parties. We may provide necessary information to relevant authorities if we are required to do so by law.&nbsp;<\/p>\n\n\n\n<p>We save your information only for as long as is necessary to perform our contractual obligations to you and for as long as required by statutory retention periods.&nbsp;<\/p>\n\n\n\n<h3 class=\"wp-block-heading\">Your rights to access, rectification or erasure&nbsp;<\/h3>\n\n\n\n<p>As a registered user, you have the right to receive information about what information we have saved about you and, among other things, to have any incorrect information corrected or to request that it be deleted.<\/p>\n\n\n\n<h4 class=\"wp-block-heading\">Right to access your information <\/h4>\n\n\n\n<p>As a registered user, you have the right to receive information about what information we have saved about you and, among other things, to have any incorrect information corrected or to request that it be deleted.<\/p>\n\n\n\n<h4 class=\"wp-block-heading\">Right to rectification<\/h4>\n\n\n\n<p>You have the right to correct incorrect or incomplete information about yourself.&nbsp;<\/p>\n\n\n\n<h4 class=\"wp-block-heading\">Right to be deleted<\/h4>\n\n\n\n<p>You have the right to request deletion of your personal data in cases where the information is no longer necessary for the purpose for which it was collected. However, there may be legal obligations that prevent us from immediately deleting parts of your information. These obligations come from, among other things, accounting and tax legislation.&nbsp;<\/p>\n\n\n\n<h3 class=\"wp-block-heading\">Cookies<\/h3>\n\n\n\n<p>We use cookies in connection with your use of the website. A cookie is a small text file that is saved on the website visitor&#039;s computer. A cookie can be either a session cookie or a cookie that is stored for a longer period of time. A session cookie disappears when the browser is closed, while a storage cookie is saved. It is saved so that the website visitor can use dkr.se\/dkfast.se as we have intended. It can e.g. about language choices or other preferences being saved to make it easier for the website visitor on the next visit. <\/p>\n\n\n\n<p>We use cookies to make the use of the website easier, and to be able to adapt the use to the user. However, the information collected through cookies does not contain personal information but is used to determine visitor patterns regarding the use of our web services. When it comes to behavior on dkr.se\/dkfast.se, IP addresses are not saved in our databases either. As a website visitor, the information about you can therefore never be connected with your identity. <\/p>\n\n\n\n<p>We also have cookies to calculate and report user numbers and traffic. We also use so-called third-party cookies from other companies to conduct market research and traffic measurements. <\/p>\n\n\n\n<p>Via your browser, you can both delete cookies and turn off the possibility for us to store cookies on your computer. If you choose to do this, however, several functions on dkr.se\/dkfast.se may stop working correctly.&nbsp;<\/p>\n\n\n\n<h3 class=\"wp-block-heading\">Contact form<\/h3>\n\n\n\n<p>DKR saves data from contact forms for a time for customer service purposes, but that the collected information will not be used for marketing.<\/p>\n\n\n\n<h2 class=\"wp-block-heading\">Contact us<\/h2>\n\n\n\n<p>DKR AB with reg. no. 556812-8309 and registered office at Greta Garbos v\u00e4g is the personal data controller for the processing of your personal data as above. DKR AB complies with Swedish data protection legislation. For questions regarding the handling of personal data or a request according to point 2, you can always contact us on phone 08 \u2013 562 76 110. For other contact information, see the website dkr.se\/dkfast&nbsp;<\/p>","protected":false},"excerpt":{"rendered":"<p>DKR protects your personal privacy. We ensure that your personal data is always protected with us and that the processing follows current data protection regulations and internal guidelines and routines. This personal data handling policy explains how DKR collects and uses your personal data. It also describes your rights against us and how you can [\u2026]<\/p>","protected":false},"author":1,"featured_media":0,"parent":0,"menu_order":0,"comment_status":"closed","ping_status":"open","template":"","meta":{"footnotes":""},"categories":[],"tags":[],"class_list":["post-3","page","type-page","status-publish","hentry"],"yoast_head":"<!-- This site is optimized with the Yoast SEO plugin v24.8.1 - https:\/\/yoast.com\/wordpress\/plugins\/seo\/ -->\n<title>Policy f\u00f6r hantering av personuppgifter - DKR<\/title>\n<meta name=\"robots\" content=\"index, follow, max-snippet:-1, max-image-preview:large, max-video-preview:-1\" \/>\n<link rel=\"canonical\" href=\"https:\/\/dkr.se\/en\/policy-personuppgifter\/\" \/>\n<meta property=\"og:locale\" content=\"en_GB\" \/>\n<meta property=\"og:type\" content=\"article\" \/>\n<meta property=\"og:title\" content=\"Policy f\u00f6r hantering av personuppgifter - DKR\" \/>\n<meta property=\"og:description\" content=\"DKR v\u00e4rnar om din personliga integritet. Vi ser till att dina personuppgifter alltid \u00e4r skyddade hos oss och att behandlingen f\u00f6ljer g\u00e4llande dataskyddsreglering och interna riktlinjer och rutiner. Denna policy f\u00f6r hantering av personuppgifter f\u00f6rklarar hur DKR samlar in och anv\u00e4nder dina personuppgifter. Den beskriver ocks\u00e5 dina r\u00e4ttigheter gentemot oss och hur du kan g\u00f6ra [&hellip;]\" \/>\n<meta property=\"og:url\" content=\"\/en\/policy-personuppgifter\/\" \/>\n<meta property=\"og:site_name\" content=\"DKR\" \/>\n<meta property=\"article:modified_time\" content=\"2020-06-02T09:03:10+00:00\" \/>\n<meta name=\"twitter:card\" content=\"summary_large_image\" \/>\n<meta name=\"twitter:label1\" content=\"Estimated reading time\" \/>\n\t<meta name=\"twitter:data1\" content=\"6 minutes\" \/>\n<script type=\"application\/ld+json\" class=\"yoast-schema-graph\">{\"@context\":\"https:\/\/schema.org\",\"@graph\":[{\"@type\":\"WebPage\",\"@id\":\"\/policy-personuppgifter\/\",\"url\":\"https:\/\/dkr.se\/policy-personuppgifter\/\",\"name\":\"Policy f\u00f6r hantering av personuppgifter - DKR\",\"isPartOf\":{\"@id\":\"\/#website\"},\"datePublished\":\"2020-04-30T08:14:05+00:00\",\"dateModified\":\"2020-06-02T09:03:10+00:00\",\"breadcrumb\":{\"@id\":\"https:\/\/dkr.se\/policy-personuppgifter\/#breadcrumb\"},\"inLanguage\":\"en-GB\",\"potentialAction\":[{\"@type\":\"ReadAction\",\"target\":[\"https:\/\/dkr.se\/policy-personuppgifter\/\"]}]},{\"@type\":\"BreadcrumbList\",\"@id\":\"https:\/\/dkr.se\/policy-personuppgifter\/#breadcrumb\",\"itemListElement\":[{\"@type\":\"ListItem\",\"position\":1,\"name\":\"Hem\",\"item\":\"dkr.se\/\"},{\"@type\":\"ListItem\",\"position\":2,\"name\":\"Policy f\u00f6r hantering av personuppgifter\"}]},{\"@type\":\"WebSite\",\"@id\":\"\/#website\",\"url\":\"\/\",\"name\":\"DKR\",\"description\":\"Vi frig\u00f6r din tid och tar hand om l\u00f6n, ekonomi, HR och redovisning.\",\"publisher\":{\"@id\":\"\/#organization\"},\"potentialAction\":[{\"@type\":\"SearchAction\",\"target\":{\"@type\":\"EntryPoint\",\"urlTemplate\":\"\/?s={search_term_string}\"},\"query-input\":{\"@type\":\"PropertyValueSpecification\",\"valueRequired\":true,\"valueName\":\"search_term_string\"}}],\"inLanguage\":\"en-GB\"},{\"@type\":\"Organization\",\"@id\":\"\/#organization\",\"name\":\"Daniel Klasson Redovisning\",\"url\":\"\/\",\"logo\":{\"@type\":\"ImageObject\",\"inLanguage\":\"en-GB\",\"@id\":\"\/#\/schema\/logo\/image\/\",\"url\":\"https:\/\/dkr.se\/wp-content\/uploads\/2020\/04\/DKR-logga-120.png\",\"contentUrl\":\"https:\/\/dkr.se\/wp-content\/uploads\/2020\/04\/DKR-logga-120.png\",\"width\":292,\"height\":120,\"caption\":\"Daniel Klasson Redovisning\"},\"image\":{\"@id\":\"\/#\/schema\/logo\/image\/\"}}]}<\/script>\n<!-- \/ Yoast SEO plugin. -->","yoast_head_json":{"title":"Policy for handling personal data - DKR","robots":{"index":"index","follow":"follow","max-snippet":"max-snippet:-1","max-image-preview":"max-image-preview:large","max-video-preview":"max-video-preview:-1"},"canonical":"https:\/\/dkr.se\/en\/policy-personuppgifter\/","og_locale":"en_GB","og_type":"article","og_title":"Policy f\u00f6r hantering av personuppgifter - DKR","og_description":"DKR v\u00e4rnar om din personliga integritet. Vi ser till att dina personuppgifter alltid \u00e4r skyddade hos oss och att behandlingen f\u00f6ljer g\u00e4llande dataskyddsreglering och interna riktlinjer och rutiner. Denna policy f\u00f6r hantering av personuppgifter f\u00f6rklarar hur DKR samlar in och anv\u00e4nder dina personuppgifter. Den beskriver ocks\u00e5 dina r\u00e4ttigheter gentemot oss och hur du kan g\u00f6ra [&hellip;]","og_url":"\/en\/policy-personuppgifter\/","og_site_name":"DKR","article_modified_time":"2020-06-02T09:03:10+00:00","twitter_card":"summary_large_image","twitter_misc":{"Estimated reading time":"6 minutes"},"schema":{"@context":"https:\/\/schema.org","@graph":[{"@type":"WebPage","@id":"\/policy-personuppgifter\/","url":"https:\/\/dkr.se\/policy-personuppgifter\/","name":"Policy for handling personal data - DKR","isPartOf":{"@id":"\/#website"},"datePublished":"2020-04-30T08:14:05+00:00","dateModified":"2020-06-02T09:03:10+00:00","breadcrumb":{"@id":"https:\/\/dkr.se\/policy-personuppgifter\/#breadcrumb"},"inLanguage":"en-GB","potentialAction":[{"@type":"ReadAction","target":["https:\/\/dkr.se\/policy-personuppgifter\/"]}]},{"@type":"BreadcrumbList","@id":"https:\/\/dkr.se\/policy-personuppgifter\/#breadcrumb","itemListElement":[{"@type":"ListItem","position":1,"name":"Hem","item":"dkr.se\/"},{"@type":"ListItem","position":2,"name":"Policy f\u00f6r hantering av personuppgifter"}]},{"@type":"WebSite","@id":"\/#website","url":"\/","name":"DKK","description":"We free up your time and take care of salary, finance, HR and accounting.","publisher":{"@id":"\/#organization"},"potentialAction":[{"@type":"SearchAction","target":{"@type":"EntryPoint","urlTemplate":"\/?s={search_term_string}"},"query-input":{"@type":"PropertyValueSpecification","valueRequired":true,"valueName":"search_term_string"}}],"inLanguage":"en-GB"},{"@type":"Organization","@id":"\/#organization","name":"Daniel Klasson Accounting","url":"\/","logo":{"@type":"ImageObject","inLanguage":"en-GB","@id":"\/#\/schema\/logo\/image\/","url":"https:\/\/dkr.se\/wp-content\/uploads\/2020\/04\/DKR-logga-120.png","contentUrl":"https:\/\/dkr.se\/wp-content\/uploads\/2020\/04\/DKR-logga-120.png","width":292,"height":120,"caption":"Daniel Klasson Redovisning"},"image":{"@id":"\/#\/schema\/logo\/image\/"}}]}},"_links":{"self":[{"href":"https:\/\/dkr.se\/en\/wp-json\/wp\/v2\/pages\/3","targetHints":{"allow":["GET"]}}],"collection":[{"href":"https:\/\/dkr.se\/en\/wp-json\/wp\/v2\/pages"}],"about":[{"href":"https:\/\/dkr.se\/en\/wp-json\/wp\/v2\/types\/page"}],"author":[{"embeddable":true,"href":"https:\/\/dkr.se\/en\/wp-json\/wp\/v2\/users\/1"}],"replies":[{"embeddable":true,"href":"https:\/\/dkr.se\/en\/wp-json\/wp\/v2\/comments?post=3"}],"version-history":[{"count":5,"href":"https:\/\/dkr.se\/en\/wp-json\/wp\/v2\/pages\/3\/revisions"}],"predecessor-version":[{"id":2284,"href":"https:\/\/dkr.se\/en\/wp-json\/wp\/v2\/pages\/3\/revisions\/2284"}],"wp:attachment":[{"href":"https:\/\/dkr.se\/en\/wp-json\/wp\/v2\/media?parent=3"}],"wp:term":[{"taxonomy":"category","embeddable":true,"href":"https:\/\/dkr.se\/en\/wp-json\/wp\/v2\/categories?post=3"},{"taxonomy":"post_tag","embeddable":true,"href":"https:\/\/dkr.se\/en\/wp-json\/wp\/v2\/tags?post=3"}],"curies":[{"name":"wp","href":"https:\/\/api.w.org\/{rel}","templated":true}]}}