{"id":3190,"date":"2023-06-13T18:30:11","date_gmt":"2023-06-13T18:30:11","guid":{"rendered":"\/?page_id=3190"},"modified":"2025-02-05T10:44:32","modified_gmt":"2025-02-05T09:44:32","slug":"bokforingsbyra-lidingo","status":"publish","type":"page","link":"https:\/\/dkr.se\/en\/bokforingsbyra-lidingo\/","title":{"rendered":"Accounting firm Liding\u00f6"},"content":{"rendered":"<div data-elementor-type=\"wp-page\" data-elementor-id=\"3190\" class=\"elementor elementor-3190\" data-elementor-post-type=\"page\">\n\t\t\t\t\t\t<section class=\"elementor-section elementor-top-section elementor-element elementor-element-77c7e00 elementor-section-stretched elementor-section-height-min-height elementor-reverse-mobile elementor-section-items-top elementor-section-boxed elementor-section-height-default\" data-id=\"77c7e00\" data-element_type=\"section\" data-settings=\"{&quot;stretch_section&quot;:&quot;section-stretched&quot;,&quot;background_background&quot;:&quot;classic&quot;}\">\n\t\t\t\t\t\t<div class=\"elementor-container elementor-column-gap-wider\">\n\t\t\t\t\t<div class=\"elementor-column elementor-col-100 elementor-top-column elementor-element elementor-element-a2235a6\" data-id=\"a2235a6\" data-element_type=\"column\">\n\t\t\t<div class=\"elementor-widget-wrap elementor-element-populated\">\n\t\t\t\t\t\t<div class=\"elementor-element elementor-element-213182a elementor-widget elementor-widget-heading\" data-id=\"213182a\" data-element_type=\"widget\" data-widget_type=\"heading.default\">\n\t\t\t\t<div class=\"elementor-widget-container\">\n\t\t\t<h1 class=\"elementor-heading-title elementor-size-default\">Accounting firm on Liding\u00f6\n<\/h1>\t\t<\/div>\n\t\t\t\t<\/div>\n\t\t\t\t\t<\/div>\n\t\t<\/div>\n\t\t\t\t\t<\/div>\n\t\t<\/section>\n\t\t\t\t<section class=\"elementor-section elementor-top-section elementor-element elementor-element-5a338ba elementor-section-stretched elementor-section-height-min-height elementor-section-items-top elementor-section-boxed elementor-section-height-default\" data-id=\"5a338ba\" data-element_type=\"section\" data-settings=\"{&quot;stretch_section&quot;:&quot;section-stretched&quot;}\">\n\t\t\t\t\t\t<div class=\"elementor-container elementor-column-gap-wider\">\n\t\t\t\t\t<div class=\"elementor-column elementor-col-33 elementor-top-column elementor-element elementor-element-40dde8c0\" data-id=\"40dde8c0\" data-element_type=\"column\">\n\t\t\t<div class=\"elementor-widget-wrap elementor-element-populated\">\n\t\t\t\t\t\t<div class=\"elementor-element elementor-element-2fc06828 elementor-widget elementor-widget-heading\" data-id=\"2fc06828\" data-element_type=\"widget\" data-widget_type=\"heading.default\">\n\t\t\t\t<div class=\"elementor-widget-container\">\n\t\t\t<h2 class=\"elementor-heading-title elementor-size-default\">We free up your time so you can use it for what you want to do most.\n<\/h2>\t\t<\/div>\n\t\t\t\t<\/div>\n\t\t\t\t\t<\/div>\n\t\t<\/div>\n\t\t\t\t<div class=\"elementor-column elementor-col-66 elementor-top-column elementor-element elementor-element-306996a1\" data-id=\"306996a1\" data-element_type=\"column\">\n\t\t\t<div class=\"elementor-widget-wrap elementor-element-populated\">\n\t\t\t\t\t\t<div class=\"elementor-element elementor-element-55f90cd3 elementor-widget elementor-widget-text-editor\" data-id=\"55f90cd3\" data-element_type=\"widget\" data-widget_type=\"text-editor.default\">\n\t\t\t\t<div class=\"elementor-widget-container\">\n\t\t\t\t\t\t\t<p><span style=\"font-weight: 400;\">Are you in need of an accounting firm in Liding\u00f6? Then you have come to the right place! At DKR, we offer complete accounting and bookkeeping services for companies and organizations of all sizes and shapes. As your responsible partner, we provide you with everything you need and want when it comes to help and guidance in the world of accounting.\u00a0<\/span><\/p><p><span style=\"font-weight: 400;\">If you want, we are just there as a supporting pillar, always close at hand and deal with what you yourself cannot, do not want or have the energy to do. If you wish to hand over all responsibility for accounting into our hands, you can trust us. Our experts possess high competence in everything related to business accounting - you have every opportunity to choose the arrangement that best suits you!<\/span><\/p>\t\t\t\t\t\t<\/div>\n\t\t\t\t<\/div>\n\t\t\t\t\t<\/div>\n\t\t<\/div>\n\t\t\t\t\t<\/div>\n\t\t<\/section>\n\t\t\t\t<section class=\"elementor-section elementor-top-section elementor-element elementor-element-1dc95f5 elementor-section-boxed elementor-section-height-default elementor-section-height-default\" data-id=\"1dc95f5\" data-element_type=\"section\">\n\t\t\t\t\t\t<div class=\"elementor-container elementor-column-gap-default\">\n\t\t\t\t\t<div class=\"elementor-column elementor-col-100 elementor-top-column elementor-element elementor-element-2aa36f7\" data-id=\"2aa36f7\" data-element_type=\"column\">\n\t\t\t<div class=\"elementor-widget-wrap elementor-element-populated\">\n\t\t\t\t\t\t<div class=\"elementor-element elementor-element-622492e elementor-widget elementor-widget-image\" data-id=\"622492e\" data-element_type=\"widget\" data-widget_type=\"image.default\">\n\t\t\t\t<div class=\"elementor-widget-container\">\n\t\t\t\t\t\t\t\t\t\t\t\t\t<img fetchpriority=\"high\" decoding=\"async\" width=\"800\" height=\"408\" src=\"https:\/\/dkr.se\/wp-content\/uploads\/2025\/02\/bokforingsbyra-lidingo.jpg\" class=\"attachment-large size-large wp-image-4120\" alt=\"Bokf\u00f6ringsbyr\u00e5 p\u00e5 Liding\u00f6\" srcset=\"https:\/\/dkr.se\/wp-content\/uploads\/2025\/02\/bokforingsbyra-lidingo.jpg 800w, https:\/\/dkr.se\/wp-content\/uploads\/2025\/02\/bokforingsbyra-lidingo-18x9.jpg 18w\" sizes=\"(max-width: 800px) 100vw, 800px\" \/>\t\t\t\t\t\t\t\t\t\t\t\t\t<\/div>\n\t\t\t\t<\/div>\n\t\t\t\t\t<\/div>\n\t\t<\/div>\n\t\t\t\t\t<\/div>\n\t\t<\/section>\n\t\t\t\t<section class=\"elementor-section elementor-top-section elementor-element elementor-element-528e2b4 elementor-section-stretched elementor-section-height-min-height elementor-reverse-mobile elementor-section-items-top elementor-section-boxed elementor-section-height-default\" data-id=\"528e2b4\" data-element_type=\"section\" data-settings=\"{&quot;stretch_section&quot;:&quot;section-stretched&quot;,&quot;background_background&quot;:&quot;classic&quot;}\">\n\t\t\t\t\t\t<div class=\"elementor-container elementor-column-gap-wider\">\n\t\t\t\t\t<div class=\"elementor-column elementor-col-33 elementor-top-column elementor-element elementor-element-96fcd20\" data-id=\"96fcd20\" data-element_type=\"column\">\n\t\t\t<div class=\"elementor-widget-wrap elementor-element-populated\">\n\t\t\t\t\t\t<div class=\"elementor-element elementor-element-6df0a55 elementor-widget elementor-widget-heading\" data-id=\"6df0a55\" data-element_type=\"widget\" data-widget_type=\"heading.default\">\n\t\t\t\t<div class=\"elementor-widget-container\">\n\t\t\t<h2 class=\"elementor-heading-title elementor-size-default\">We can help you with that \u2013 your accounting firm on Liding\u00f6\n<\/h2>\t\t<\/div>\n\t\t\t\t<\/div>\n\t\t\t\t\t<\/div>\n\t\t<\/div>\n\t\t\t\t<div class=\"elementor-column elementor-col-66 elementor-top-column elementor-element elementor-element-bc675a8\" data-id=\"bc675a8\" data-element_type=\"column\">\n\t\t\t<div class=\"elementor-widget-wrap elementor-element-populated\">\n\t\t\t\t\t\t<div class=\"elementor-element elementor-element-e4fa5c6 elementor-widget elementor-widget-text-editor\" data-id=\"e4fa5c6\" data-element_type=\"widget\" data-widget_type=\"text-editor.default\">\n\t\t\t\t<div class=\"elementor-widget-container\">\n\t\t\t\t\t\t\t<p><span style=\"font-weight: 400;\">Our main ambition as an accounting firm in Liding\u00f6 is to simplify and improve life for you as a business owner. In short, this means that we work carefully and efficiently to design an administration and management that works flawlessly.\u00a0<\/span><\/p><p><span style=\"font-weight: 400;\">Our experts work quietly so you don&#039;t notice us, but can also be fully available and in your vicinity if you wish. We simply adapt our work to what suits you best, and in the way you are comfortable with.\u00a0<\/span><\/p><p><span style=\"font-weight: 400;\">In addition to accounting and bookkeeping services, we, as your accounting firm in Liding\u00f6, can provide you with services in the following areas of work:<\/span><\/p><ul><li style=\"font-weight: 400;\" aria-level=\"1\"><span style=\"font-weight: 400;\">HR and personnel\u00a0<\/span><\/li><li style=\"font-weight: 400;\" aria-level=\"1\"><span style=\"font-weight: 400;\">Wages<\/span><\/li><li style=\"font-weight: 400;\" aria-level=\"1\"><span style=\"font-weight: 400;\">Administration<\/span><\/li><li style=\"font-weight: 400;\" aria-level=\"1\"><span style=\"font-weight: 400;\">Financial management\u00a0<\/span><\/li><li style=\"font-weight: 400;\" aria-level=\"1\"><span style=\"font-weight: 400;\">Legal advice<\/span><\/li><li style=\"font-weight: 400;\" aria-level=\"1\"><span style=\"font-weight: 400;\">Real-time reporting\u00a0<\/span><\/li><\/ul><p><span style=\"font-weight: 400;\">Regardless of the needs and wishes that exist within your business, you can trust that we will report the figures and submit correct information throughout the year, so that your business is managed properly. We are an accounting firm in Liding\u00f6 that is passionate about simplifying life and everyday life for you as an entrepreneur. <\/span><\/p>\t\t\t\t\t\t<\/div>\n\t\t\t\t<\/div>\n\t\t\t\t<div class=\"elementor-element elementor-element-2efa1ee elementor-widget elementor-widget-button\" data-id=\"2efa1ee\" data-element_type=\"widget\" data-widget_type=\"button.default\">\n\t\t\t\t<div class=\"elementor-widget-container\">\n\t\t\t\t\t\t\t<div class=\"elementor-button-wrapper\">\n\t\t\t\t\t<a class=\"elementor-button elementor-button-link elementor-size-sm\" href=\"https:\/\/dkr.se\/en\/kontakta-oss\/\">\n\t\t\t\t\t\t<span class=\"elementor-button-content-wrapper\">\n\t\t\t\t\t\t\t\t\t<span class=\"elementor-button-text\">Contact us<\/span>\n\t\t\t\t\t<\/span>\n\t\t\t\t\t<\/a>\n\t\t\t\t<\/div>\n\t\t\t\t\t\t<\/div>\n\t\t\t\t<\/div>\n\t\t\t\t\t<\/div>\n\t\t<\/div>\n\t\t\t\t\t<\/div>\n\t\t<\/section>\n\t\t\t\t<section class=\"elementor-section elementor-top-section elementor-element elementor-element-aea93ad elementor-section-stretched elementor-section-height-min-height elementor-reverse-mobile elementor-section-items-top elementor-section-boxed elementor-section-height-default\" data-id=\"aea93ad\" data-element_type=\"section\" data-settings=\"{&quot;stretch_section&quot;:&quot;section-stretched&quot;,&quot;background_background&quot;:&quot;classic&quot;}\">\n\t\t\t\t\t\t<div class=\"elementor-container elementor-column-gap-wider\">\n\t\t\t\t\t<div class=\"elementor-column elementor-col-33 elementor-top-column elementor-element elementor-element-b602577\" data-id=\"b602577\" data-element_type=\"column\">\n\t\t\t<div class=\"elementor-widget-wrap elementor-element-populated\">\n\t\t\t\t\t\t<div class=\"elementor-element elementor-element-260c4f1 elementor-widget elementor-widget-heading\" data-id=\"260c4f1\" data-element_type=\"widget\" data-widget_type=\"heading.default\">\n\t\t\t\t<div class=\"elementor-widget-container\">\n\t\t\t<h2 class=\"elementor-heading-title elementor-size-default\">Direct access to all information digitally \n<\/h2>\t\t<\/div>\n\t\t\t\t<\/div>\n\t\t\t\t\t<\/div>\n\t\t<\/div>\n\t\t\t\t<div class=\"elementor-column elementor-col-66 elementor-top-column elementor-element elementor-element-74ee449\" data-id=\"74ee449\" data-element_type=\"column\">\n\t\t\t<div class=\"elementor-widget-wrap elementor-element-populated\">\n\t\t\t\t\t\t<div class=\"elementor-element elementor-element-1f979ec elementor-widget elementor-widget-text-editor\" data-id=\"1f979ec\" data-element_type=\"widget\" data-widget_type=\"text-editor.default\">\n\t\t\t\t<div class=\"elementor-widget-container\">\n\t\t\t\t\t\t\t<p><span style=\"font-weight: 400;\">All the work we do, all our services and all the information we produce we collect in our sharp, smart and modern system for accounting and reporting. Working paperless not only means better structure and increased accessibility for everyone involved. But paperless accounting also means a good contribution to our environment.\u00a0<\/span><\/p><p><span style=\"font-weight: 400;\">Through our reporting system, you have easy and convenient access to everything you need and want, right when you want, directly online via your computer or mobile phone. You get a clear overview of all the numbers and can thus be involved in influencing the outcome and the future.\u00a0\u00a0\u00a0<\/span><\/p>\t\t\t\t\t\t<\/div>\n\t\t\t\t<\/div>\n\t\t\t\t\t<\/div>\n\t\t<\/div>\n\t\t\t\t\t<\/div>\n\t\t<\/section>\n\t\t\t\t<section class=\"elementor-section elementor-top-section elementor-element elementor-element-11f1747 elementor-section-stretched elementor-section-height-min-height elementor-reverse-mobile elementor-section-items-top elementor-section-boxed elementor-section-height-default\" data-id=\"11f1747\" data-element_type=\"section\" data-settings=\"{&quot;stretch_section&quot;:&quot;section-stretched&quot;,&quot;background_background&quot;:&quot;classic&quot;}\">\n\t\t\t\t\t\t<div class=\"elementor-container elementor-column-gap-wider\">\n\t\t\t\t\t<div class=\"elementor-column elementor-col-33 elementor-top-column elementor-element elementor-element-1205ec9\" data-id=\"1205ec9\" data-element_type=\"column\">\n\t\t\t<div class=\"elementor-widget-wrap elementor-element-populated\">\n\t\t\t\t\t\t<div class=\"elementor-element elementor-element-1fa22eb elementor-widget elementor-widget-heading\" data-id=\"1fa22eb\" data-element_type=\"widget\" data-widget_type=\"heading.default\">\n\t\t\t\t<div class=\"elementor-widget-container\">\n\t\t\t<h2 class=\"elementor-heading-title elementor-size-default\">We free up your time so you can prioritize what&#039;s important to you.\n<\/h2>\t\t<\/div>\n\t\t\t\t<\/div>\n\t\t\t\t\t<\/div>\n\t\t<\/div>\n\t\t\t\t<div class=\"elementor-column elementor-col-66 elementor-top-column elementor-element elementor-element-15a6460\" data-id=\"15a6460\" data-element_type=\"column\">\n\t\t\t<div class=\"elementor-widget-wrap elementor-element-populated\">\n\t\t\t\t\t\t<div class=\"elementor-element elementor-element-9e4160b elementor-widget elementor-widget-text-editor\" data-id=\"9e4160b\" data-element_type=\"widget\" data-widget_type=\"text-editor.default\">\n\t\t\t\t<div class=\"elementor-widget-container\">\n\t\t\t\t\t\t\t<p><span style=\"font-weight: 400;\">As your accounting firm on Liding\u00f6, we make sure that everything runs smoothly, so that you can focus on what is important to you. Maybe you have a new business idea that you want to develop, or is it time to hire new staff? Maybe you want to spend more time with your loved ones, or spend more time in nature? We free up your time so that you can use it for what you most want to do.\u00a0<\/span><\/p><p><span style=\"font-weight: 400;\">Don&#039;t hesitate to contact us if you want to hire us as your accounting firm on Liding\u00f6. Our efficient, professional and digital accounting services are available to all companies!<\/span><\/p>\t\t\t\t\t\t<\/div>\n\t\t\t\t<\/div>\n\t\t\t\t\t<\/div>\n\t\t<\/div>\n\t\t\t\t\t<\/div>\n\t\t<\/section>\n\t\t\t\t<\/div>","protected":false},"excerpt":{"rendered":"<p>Accounting firm in Liding\u00f6 We free up your time so that you can use it for what you want to do. Are you in need of an accounting firm in Liding\u00f6? Then you have found the right place! At DKR, we offer complete accounting and bookkeeping services for companies and organizations of all sizes and shapes. As your [\u2026]<\/p>","protected":false},"author":3,"featured_media":435,"parent":0,"menu_order":0,"comment_status":"closed","ping_status":"closed","template":"","meta":{"footnotes":""},"categories":[],"tags":[],"class_list":["post-3190","page","type-page","status-publish","has-post-thumbnail","hentry"],"yoast_head":"<!-- This site is optimized with the Yoast SEO plugin v24.8.1 - https:\/\/yoast.com\/wordpress\/plugins\/seo\/ -->\n<title>Bokf\u00f6ringsbyr\u00e5 Liding\u00f6 - DKR<\/title>\n<meta name=\"robots\" content=\"index, follow, max-snippet:-1, max-image-preview:large, max-video-preview:-1\" \/>\n<link rel=\"canonical\" href=\"https:\/\/dkr.se\/en\/bokforingsbyra-lidingo\/\" \/>\n<meta property=\"og:locale\" content=\"en_GB\" \/>\n<meta property=\"og:type\" content=\"article\" \/>\n<meta property=\"og:title\" content=\"Bokf\u00f6ringsbyr\u00e5 Liding\u00f6 - DKR\" \/>\n<meta property=\"og:description\" content=\"Bokf\u00f6ringsbyr\u00e5 p\u00e5 Liding\u00f6 Vi frig\u00f6r din tid s\u00e5 att du kan anv\u00e4nda den till det du helst vill g\u00f6ra. \u00c4r du i behov av att anlita en bokf\u00f6ringsbyr\u00e5 p\u00e5 Liding\u00f6? D\u00e5 har du hittat helt r\u00e4tt! Vi p\u00e5 DKR erbjuder kompletta bokf\u00f6rings- och redovisningstj\u00e4nster f\u00f6r f\u00f6retag och organisationer av alla storlekar och utformningar. Som din [&hellip;]\" \/>\n<meta property=\"og:url\" content=\"https:\/\/dkr.se\/en\/bokforingsbyra-lidingo\/\" \/>\n<meta property=\"og:site_name\" content=\"DKR\" \/>\n<meta property=\"article:modified_time\" content=\"2025-02-05T09:44:32+00:00\" \/>\n<meta property=\"og:image\" content=\"https:\/\/dkr.se\/wp-content\/uploads\/2020\/05\/baby-4279697_1920.jpg\" \/>\n\t<meta property=\"og:image:width\" content=\"1920\" \/>\n\t<meta property=\"og:image:height\" content=\"1280\" \/>\n\t<meta property=\"og:image:type\" content=\"image\/jpeg\" \/>\n<meta name=\"twitter:card\" content=\"summary_large_image\" \/>\n<meta name=\"twitter:label1\" content=\"Estimated reading time\" \/>\n\t<meta name=\"twitter:data1\" content=\"3 minutes\" \/>\n<script type=\"application\/ld+json\" class=\"yoast-schema-graph\">{\"@context\":\"https:\/\/schema.org\",\"@graph\":[{\"@type\":\"WebPage\",\"@id\":\"https:\/\/dkr.se\/bokforingsbyra-lidingo\/\",\"url\":\"https:\/\/dkr.se\/bokforingsbyra-lidingo\/\",\"name\":\"Bokf\u00f6ringsbyr\u00e5 Liding\u00f6 - DKR\",\"isPartOf\":{\"@id\":\"\/#website\"},\"primaryImageOfPage\":{\"@id\":\"https:\/\/dkr.se\/bokforingsbyra-lidingo\/#primaryimage\"},\"image\":{\"@id\":\"https:\/\/dkr.se\/bokforingsbyra-lidingo\/#primaryimage\"},\"thumbnailUrl\":\"https:\/\/dkr.se\/wp-content\/uploads\/2020\/05\/baby-4279697_1920.jpg\",\"datePublished\":\"2023-06-13T18:30:11+00:00\",\"dateModified\":\"2025-02-05T09:44:32+00:00\",\"breadcrumb\":{\"@id\":\"https:\/\/dkr.se\/bokforingsbyra-lidingo\/#breadcrumb\"},\"inLanguage\":\"en-GB\",\"potentialAction\":[{\"@type\":\"ReadAction\",\"target\":[\"https:\/\/dkr.se\/bokforingsbyra-lidingo\/\"]}]},{\"@type\":\"ImageObject\",\"inLanguage\":\"en-GB\",\"@id\":\"https:\/\/dkr.se\/bokforingsbyra-lidingo\/#primaryimage\",\"url\":\"https:\/\/dkr.se\/wp-content\/uploads\/2020\/05\/baby-4279697_1920.jpg\",\"contentUrl\":\"https:\/\/dkr.se\/wp-content\/uploads\/2020\/05\/baby-4279697_1920.jpg\",\"width\":1920,\"height\":1280},{\"@type\":\"BreadcrumbList\",\"@id\":\"https:\/\/dkr.se\/bokforingsbyra-lidingo\/#breadcrumb\",\"itemListElement\":[{\"@type\":\"ListItem\",\"position\":1,\"name\":\"Hem\",\"item\":\"dkr.se\/\"},{\"@type\":\"ListItem\",\"position\":2,\"name\":\"Bokf\u00f6ringsbyr\u00e5 Liding\u00f6\"}]},{\"@type\":\"WebSite\",\"@id\":\"\/#website\",\"url\":\"\/\",\"name\":\"DKR\",\"description\":\"Vi frig\u00f6r din tid och tar hand om l\u00f6n, ekonomi, HR och redovisning.\",\"publisher\":{\"@id\":\"\/#organization\"},\"potentialAction\":[{\"@type\":\"SearchAction\",\"target\":{\"@type\":\"EntryPoint\",\"urlTemplate\":\"\/?s={search_term_string}\"},\"query-input\":{\"@type\":\"PropertyValueSpecification\",\"valueRequired\":true,\"valueName\":\"search_term_string\"}}],\"inLanguage\":\"en-GB\"},{\"@type\":\"Organization\",\"@id\":\"\/#organization\",\"name\":\"Daniel Klasson Redovisning\",\"url\":\"\/\",\"logo\":{\"@type\":\"ImageObject\",\"inLanguage\":\"en-GB\",\"@id\":\"\/#\/schema\/logo\/image\/\",\"url\":\"https:\/\/dkr.se\/wp-content\/uploads\/2020\/04\/DKR-logga-120.png\",\"contentUrl\":\"https:\/\/dkr.se\/wp-content\/uploads\/2020\/04\/DKR-logga-120.png\",\"width\":292,\"height\":120,\"caption\":\"Daniel Klasson Redovisning\"},\"image\":{\"@id\":\"\/#\/schema\/logo\/image\/\"}}]}<\/script>\n<!-- \/ Yoast SEO plugin. -->","yoast_head_json":{"title":"Bokf\u00f6ringsbyr\u00e5 Liding\u00f6 - DKR","robots":{"index":"index","follow":"follow","max-snippet":"max-snippet:-1","max-image-preview":"max-image-preview:large","max-video-preview":"max-video-preview:-1"},"canonical":"https:\/\/dkr.se\/en\/bokforingsbyra-lidingo\/","og_locale":"en_GB","og_type":"article","og_title":"Bokf\u00f6ringsbyr\u00e5 Liding\u00f6 - DKR","og_description":"Bokf\u00f6ringsbyr\u00e5 p\u00e5 Liding\u00f6 Vi frig\u00f6r din tid s\u00e5 att du kan anv\u00e4nda den till det du helst vill g\u00f6ra. \u00c4r du i behov av att anlita en bokf\u00f6ringsbyr\u00e5 p\u00e5 Liding\u00f6? D\u00e5 har du hittat helt r\u00e4tt! Vi p\u00e5 DKR erbjuder kompletta bokf\u00f6rings- och redovisningstj\u00e4nster f\u00f6r f\u00f6retag och organisationer av alla storlekar och utformningar. Som din [&hellip;]","og_url":"https:\/\/dkr.se\/en\/bokforingsbyra-lidingo\/","og_site_name":"DKR","article_modified_time":"2025-02-05T09:44:32+00:00","og_image":[{"width":1920,"height":1280,"url":"https:\/\/dkr.se\/wp-content\/uploads\/2020\/05\/baby-4279697_1920.jpg","type":"image\/jpeg"}],"twitter_card":"summary_large_image","twitter_misc":{"Estimated reading time":"3 minutes"},"schema":{"@context":"https:\/\/schema.org","@graph":[{"@type":"WebPage","@id":"https:\/\/dkr.se\/bokforingsbyra-lidingo\/","url":"https:\/\/dkr.se\/bokforingsbyra-lidingo\/","name":"Bokf\u00f6ringsbyr\u00e5 Liding\u00f6 - DKR","isPartOf":{"@id":"\/#website"},"primaryImageOfPage":{"@id":"https:\/\/dkr.se\/bokforingsbyra-lidingo\/#primaryimage"},"image":{"@id":"https:\/\/dkr.se\/bokforingsbyra-lidingo\/#primaryimage"},"thumbnailUrl":"https:\/\/dkr.se\/wp-content\/uploads\/2020\/05\/baby-4279697_1920.jpg","datePublished":"2023-06-13T18:30:11+00:00","dateModified":"2025-02-05T09:44:32+00:00","breadcrumb":{"@id":"https:\/\/dkr.se\/bokforingsbyra-lidingo\/#breadcrumb"},"inLanguage":"en-GB","potentialAction":[{"@type":"ReadAction","target":["https:\/\/dkr.se\/bokforingsbyra-lidingo\/"]}]},{"@type":"ImageObject","inLanguage":"en-GB","@id":"https:\/\/dkr.se\/bokforingsbyra-lidingo\/#primaryimage","url":"https:\/\/dkr.se\/wp-content\/uploads\/2020\/05\/baby-4279697_1920.jpg","contentUrl":"https:\/\/dkr.se\/wp-content\/uploads\/2020\/05\/baby-4279697_1920.jpg","width":1920,"height":1280},{"@type":"BreadcrumbList","@id":"https:\/\/dkr.se\/bokforingsbyra-lidingo\/#breadcrumb","itemListElement":[{"@type":"ListItem","position":1,"name":"Hem","item":"dkr.se\/"},{"@type":"ListItem","position":2,"name":"Bokf\u00f6ringsbyr\u00e5 Liding\u00f6"}]},{"@type":"WebSite","@id":"\/#website","url":"\/","name":"DKK","description":"We free up your time and take care of salary, finance, HR and accounting.","publisher":{"@id":"\/#organization"},"potentialAction":[{"@type":"SearchAction","target":{"@type":"EntryPoint","urlTemplate":"\/?s={search_term_string}"},"query-input":{"@type":"PropertyValueSpecification","valueRequired":true,"valueName":"search_term_string"}}],"inLanguage":"en-GB"},{"@type":"Organization","@id":"\/#organization","name":"Daniel Klasson Accounting","url":"\/","logo":{"@type":"ImageObject","inLanguage":"en-GB","@id":"\/#\/schema\/logo\/image\/","url":"https:\/\/dkr.se\/wp-content\/uploads\/2020\/04\/DKR-logga-120.png","contentUrl":"https:\/\/dkr.se\/wp-content\/uploads\/2020\/04\/DKR-logga-120.png","width":292,"height":120,"caption":"Daniel Klasson Redovisning"},"image":{"@id":"\/#\/schema\/logo\/image\/"}}]}},"_links":{"self":[{"href":"https:\/\/dkr.se\/en\/wp-json\/wp\/v2\/pages\/3190","targetHints":{"allow":["GET"]}}],"collection":[{"href":"https:\/\/dkr.se\/en\/wp-json\/wp\/v2\/pages"}],"about":[{"href":"https:\/\/dkr.se\/en\/wp-json\/wp\/v2\/types\/page"}],"author":[{"embeddable":true,"href":"https:\/\/dkr.se\/en\/wp-json\/wp\/v2\/users\/3"}],"replies":[{"embeddable":true,"href":"https:\/\/dkr.se\/en\/wp-json\/wp\/v2\/comments?post=3190"}],"version-history":[{"count":11,"href":"https:\/\/dkr.se\/en\/wp-json\/wp\/v2\/pages\/3190\/revisions"}],"predecessor-version":[{"id":4123,"href":"https:\/\/dkr.se\/en\/wp-json\/wp\/v2\/pages\/3190\/revisions\/4123"}],"wp:featuredmedia":[{"embeddable":true,"href":"https:\/\/dkr.se\/en\/wp-json\/wp\/v2\/media\/435"}],"wp:attachment":[{"href":"https:\/\/dkr.se\/en\/wp-json\/wp\/v2\/media?parent=3190"}],"wp:term":[{"taxonomy":"category","embeddable":true,"href":"https:\/\/dkr.se\/en\/wp-json\/wp\/v2\/categories?post=3190"},{"taxonomy":"post_tag","embeddable":true,"href":"https:\/\/dkr.se\/en\/wp-json\/wp\/v2\/tags?post=3190"}],"curies":[{"name":"wp","href":"https:\/\/api.w.org\/{rel}","templated":true}]}}