{"id":3198,"date":"2023-07-10T07:36:38","date_gmt":"2023-07-10T07:36:38","guid":{"rendered":"\/?page_id=3198"},"modified":"2025-02-05T10:59:35","modified_gmt":"2025-02-05T09:59:35","slug":"bokforingsbyra-sollentuna","status":"publish","type":"page","link":"https:\/\/dkr.se\/en\/bokforingsbyra-sollentuna\/","title":{"rendered":"Accounting firm Sollentuna"},"content":{"rendered":"<div data-elementor-type=\"wp-page\" data-elementor-id=\"3198\" class=\"elementor elementor-3198\" data-elementor-post-type=\"page\">\n\t\t\t\t\t\t<section class=\"elementor-section elementor-top-section elementor-element elementor-element-77c7e00 elementor-section-stretched elementor-section-height-min-height elementor-reverse-mobile elementor-section-items-top elementor-section-boxed elementor-section-height-default\" data-id=\"77c7e00\" data-element_type=\"section\" data-settings=\"{&quot;stretch_section&quot;:&quot;section-stretched&quot;,&quot;background_background&quot;:&quot;classic&quot;}\">\n\t\t\t\t\t\t<div class=\"elementor-container elementor-column-gap-wider\">\n\t\t\t\t\t<div class=\"elementor-column elementor-col-100 elementor-top-column elementor-element elementor-element-a2235a6\" data-id=\"a2235a6\" data-element_type=\"column\">\n\t\t\t<div class=\"elementor-widget-wrap elementor-element-populated\">\n\t\t\t\t\t\t<div class=\"elementor-element elementor-element-213182a elementor-widget elementor-widget-heading\" data-id=\"213182a\" data-element_type=\"widget\" data-widget_type=\"heading.default\">\n\t\t\t\t<div class=\"elementor-widget-container\">\n\t\t\t<h1 class=\"elementor-heading-title elementor-size-default\">Accounting firm in Sollentuna<\/h1>\t\t<\/div>\n\t\t\t\t<\/div>\n\t\t\t\t\t<\/div>\n\t\t<\/div>\n\t\t\t\t\t<\/div>\n\t\t<\/section>\n\t\t\t\t<section class=\"elementor-section elementor-top-section elementor-element elementor-element-5a338ba elementor-section-stretched elementor-section-height-min-height elementor-section-items-top elementor-section-boxed elementor-section-height-default\" data-id=\"5a338ba\" data-element_type=\"section\" data-settings=\"{&quot;stretch_section&quot;:&quot;section-stretched&quot;}\">\n\t\t\t\t\t\t<div class=\"elementor-container elementor-column-gap-wider\">\n\t\t\t\t\t<div class=\"elementor-column elementor-col-33 elementor-top-column elementor-element elementor-element-40dde8c0\" data-id=\"40dde8c0\" data-element_type=\"column\">\n\t\t\t<div class=\"elementor-widget-wrap elementor-element-populated\">\n\t\t\t\t\t\t<div class=\"elementor-element elementor-element-2fc06828 elementor-widget elementor-widget-heading\" data-id=\"2fc06828\" data-element_type=\"widget\" data-widget_type=\"heading.default\">\n\t\t\t\t<div class=\"elementor-widget-container\">\n\t\t\t<h2 class=\"elementor-heading-title elementor-size-default\">We free up your time so you can use it for what you want to do most.\n<\/h2>\t\t<\/div>\n\t\t\t\t<\/div>\n\t\t\t\t\t<\/div>\n\t\t<\/div>\n\t\t\t\t<div class=\"elementor-column elementor-col-66 elementor-top-column elementor-element elementor-element-306996a1\" data-id=\"306996a1\" data-element_type=\"column\">\n\t\t\t<div class=\"elementor-widget-wrap elementor-element-populated\">\n\t\t\t\t\t\t<div class=\"elementor-element elementor-element-55f90cd3 elementor-widget elementor-widget-text-editor\" data-id=\"55f90cd3\" data-element_type=\"widget\" data-widget_type=\"text-editor.default\">\n\t\t\t\t<div class=\"elementor-widget-container\">\n\t\t\t\t\t\t\t<p><span style=\"font-weight: 400;\">There are many reasons why you should hire us as your accounting firm in Sollentuna. We work carefully and efficiently to ensure that your accounting is submitted in a neat manner, in good time, and in full accordance with the laws and regulations that we in Sweden have to deal with. If you want, we can help you with other things that apply to the company, that is, in addition to our accounting services. We offer services for HR, payroll and administration, among other things.\u00a0<\/span><\/p><p><span style=\"font-weight: 400;\">All parts of our work are carried out using smart, modern tools and equipment to ensure the best possible results in the shortest possible time. We are simply an accounting firm in Sollentuna that gives you that little extra, exactly in the way that suits you and your company!<\/span><\/p>\t\t\t\t\t\t<\/div>\n\t\t\t\t<\/div>\n\t\t\t\t\t<\/div>\n\t\t<\/div>\n\t\t\t\t\t<\/div>\n\t\t<\/section>\n\t\t\t\t<section class=\"elementor-section elementor-top-section elementor-element elementor-element-6aeda85 elementor-section-boxed elementor-section-height-default elementor-section-height-default\" data-id=\"6aeda85\" data-element_type=\"section\">\n\t\t\t\t\t\t<div class=\"elementor-container elementor-column-gap-default\">\n\t\t\t\t\t<div class=\"elementor-column elementor-col-100 elementor-top-column elementor-element elementor-element-eda9f63\" data-id=\"eda9f63\" data-element_type=\"column\">\n\t\t\t<div class=\"elementor-widget-wrap elementor-element-populated\">\n\t\t\t\t\t\t<div class=\"elementor-element elementor-element-79a0321 elementor-widget elementor-widget-image\" data-id=\"79a0321\" data-element_type=\"widget\" data-widget_type=\"image.default\">\n\t\t\t\t<div class=\"elementor-widget-container\">\n\t\t\t\t\t\t\t\t\t\t\t\t\t<img fetchpriority=\"high\" decoding=\"async\" width=\"800\" height=\"408\" src=\"https:\/\/dkr.se\/wp-content\/uploads\/2025\/02\/bokforingsbyra-Sollentuna.jpg\" class=\"attachment-large size-large wp-image-4124\" alt=\"Bokf\u00f6ringsbyr\u00e5 i Sollentuna\" srcset=\"https:\/\/dkr.se\/wp-content\/uploads\/2025\/02\/bokforingsbyra-Sollentuna.jpg 800w, https:\/\/dkr.se\/wp-content\/uploads\/2025\/02\/bokforingsbyra-Sollentuna-18x9.jpg 18w\" sizes=\"(max-width: 800px) 100vw, 800px\" \/>\t\t\t\t\t\t\t\t\t\t\t\t\t<\/div>\n\t\t\t\t<\/div>\n\t\t\t\t\t<\/div>\n\t\t<\/div>\n\t\t\t\t\t<\/div>\n\t\t<\/section>\n\t\t\t\t<section class=\"elementor-section elementor-top-section elementor-element elementor-element-08b4034 elementor-section-stretched elementor-section-height-min-height elementor-reverse-mobile elementor-section-items-top elementor-section-boxed elementor-section-height-default\" data-id=\"08b4034\" data-element_type=\"section\" data-settings=\"{&quot;stretch_section&quot;:&quot;section-stretched&quot;,&quot;background_background&quot;:&quot;classic&quot;}\">\n\t\t\t\t\t\t<div class=\"elementor-container elementor-column-gap-wider\">\n\t\t\t\t\t<div class=\"elementor-column elementor-col-33 elementor-top-column elementor-element elementor-element-e1c5ded\" data-id=\"e1c5ded\" data-element_type=\"column\">\n\t\t\t<div class=\"elementor-widget-wrap elementor-element-populated\">\n\t\t\t\t\t\t<div class=\"elementor-element elementor-element-4420c55 elementor-widget elementor-widget-heading\" data-id=\"4420c55\" data-element_type=\"widget\" data-widget_type=\"heading.default\">\n\t\t\t\t<div class=\"elementor-widget-container\">\n\t\t\t<h2 class=\"elementor-heading-title elementor-size-default\">Our accounting services keep everything running smoothly <\/h2>\t\t<\/div>\n\t\t\t\t<\/div>\n\t\t\t\t\t<\/div>\n\t\t<\/div>\n\t\t\t\t<div class=\"elementor-column elementor-col-66 elementor-top-column elementor-element elementor-element-ebb9cc9\" data-id=\"ebb9cc9\" data-element_type=\"column\">\n\t\t\t<div class=\"elementor-widget-wrap elementor-element-populated\">\n\t\t\t\t\t\t<div class=\"elementor-element elementor-element-ae1bc20 elementor-widget elementor-widget-text-editor\" data-id=\"ae1bc20\" data-element_type=\"widget\" data-widget_type=\"text-editor.default\">\n\t\t\t\t<div class=\"elementor-widget-container\">\n\t\t\t\t\t\t\t<p><span style=\"font-weight: 400;\">By hiring us as your accounting firm in Sollentuna, you can free up more time for other things, which you can use for what is most important to you in life. While you prioritize and value what you want to do most - whether it concerns your private life or life as an entrepreneur - we make sure to take care of everything related to your accounting and reporting.\u00a0<\/span><\/p><p><span style=\"font-weight: 400;\">We work quickly, efficiently and with the highest focus to make it easier for you as an entrepreneur. With the work we carry out, you can feel confident that your organization will flow in silence, without obstacles and disruptions. This is despite the fact that you yourself do not have to give a single thought to the work we do. That&#039;s what we call an accounting firm in Sollentuna that you can trust!<\/span><\/p>\t\t\t\t\t\t<\/div>\n\t\t\t\t<\/div>\n\t\t\t\t<div class=\"elementor-element elementor-element-1273d4a elementor-widget elementor-widget-button\" data-id=\"1273d4a\" data-element_type=\"widget\" data-widget_type=\"button.default\">\n\t\t\t\t<div class=\"elementor-widget-container\">\n\t\t\t\t\t\t\t<div class=\"elementor-button-wrapper\">\n\t\t\t\t\t<a class=\"elementor-button elementor-button-link elementor-size-sm\" href=\"https:\/\/dkr.se\/en\/kontakta-oss\/\">\n\t\t\t\t\t\t<span class=\"elementor-button-content-wrapper\">\n\t\t\t\t\t\t\t\t\t<span class=\"elementor-button-text\">Contact us<\/span>\n\t\t\t\t\t<\/span>\n\t\t\t\t\t<\/a>\n\t\t\t\t<\/div>\n\t\t\t\t\t\t<\/div>\n\t\t\t\t<\/div>\n\t\t\t\t\t<\/div>\n\t\t<\/div>\n\t\t\t\t\t<\/div>\n\t\t<\/section>\n\t\t\t\t<section class=\"elementor-section elementor-top-section elementor-element elementor-element-aea93ad elementor-section-stretched elementor-section-height-min-height elementor-reverse-mobile elementor-section-items-top elementor-section-boxed elementor-section-height-default\" data-id=\"aea93ad\" data-element_type=\"section\" data-settings=\"{&quot;stretch_section&quot;:&quot;section-stretched&quot;,&quot;background_background&quot;:&quot;classic&quot;}\">\n\t\t\t\t\t\t<div class=\"elementor-container elementor-column-gap-wider\">\n\t\t\t\t\t<div class=\"elementor-column elementor-col-33 elementor-top-column elementor-element elementor-element-b602577\" data-id=\"b602577\" data-element_type=\"column\">\n\t\t\t<div class=\"elementor-widget-wrap elementor-element-populated\">\n\t\t\t\t\t\t<div class=\"elementor-element elementor-element-260c4f1 elementor-widget elementor-widget-heading\" data-id=\"260c4f1\" data-element_type=\"widget\" data-widget_type=\"heading.default\">\n\t\t\t\t<div class=\"elementor-widget-container\">\n\t\t\t<h2 class=\"elementor-heading-title elementor-size-default\">We package a complex world into a simple service<\/h2>\t\t<\/div>\n\t\t\t\t<\/div>\n\t\t\t\t\t<\/div>\n\t\t<\/div>\n\t\t\t\t<div class=\"elementor-column elementor-col-66 elementor-top-column elementor-element elementor-element-74ee449\" data-id=\"74ee449\" data-element_type=\"column\">\n\t\t\t<div class=\"elementor-widget-wrap elementor-element-populated\">\n\t\t\t\t\t\t<div class=\"elementor-element elementor-element-1f979ec elementor-widget elementor-widget-text-editor\" data-id=\"1f979ec\" data-element_type=\"widget\" data-widget_type=\"text-editor.default\">\n\t\t\t\t<div class=\"elementor-widget-container\">\n\t\t\t\t\t\t\t<p><span style=\"font-weight: 400;\">Our main ambition and our main drive is to be able to help you as an entrepreneur with what is often the absolute most difficult, boring and most complicated part of the company, that is, accounting. There is so much else to deal with when running a business, and then accounting should not have to put a damper on it.\u00a0<\/span><\/p><p><span style=\"font-weight: 400;\">As an entrepreneur, you often have neither the time, energy nor desire, and for that matter neither the knowledge required, to keep up with accounting. At the same time, it is a very important area of work that simply must be addressed, regardless of the size of the company. By letting us do what we are experts at as an accounting firm in Sollentuna, you can improve efficiency a lot.\u00a0<\/span><\/p>\t\t\t\t\t\t<\/div>\n\t\t\t\t<\/div>\n\t\t\t\t\t<\/div>\n\t\t<\/div>\n\t\t\t\t\t<\/div>\n\t\t<\/section>\n\t\t\t\t<section class=\"elementor-section elementor-top-section elementor-element elementor-element-11f1747 elementor-section-stretched elementor-section-height-min-height elementor-reverse-mobile elementor-section-items-top elementor-section-boxed elementor-section-height-default\" data-id=\"11f1747\" data-element_type=\"section\" data-settings=\"{&quot;stretch_section&quot;:&quot;section-stretched&quot;,&quot;background_background&quot;:&quot;classic&quot;}\">\n\t\t\t\t\t\t<div class=\"elementor-container elementor-column-gap-wider\">\n\t\t\t\t\t<div class=\"elementor-column elementor-col-33 elementor-top-column elementor-element elementor-element-1205ec9\" data-id=\"1205ec9\" data-element_type=\"column\">\n\t\t\t<div class=\"elementor-widget-wrap elementor-element-populated\">\n\t\t\t\t\t\t<div class=\"elementor-element elementor-element-1fa22eb elementor-widget elementor-widget-heading\" data-id=\"1fa22eb\" data-element_type=\"widget\" data-widget_type=\"heading.default\">\n\t\t\t\t<div class=\"elementor-widget-container\">\n\t\t\t<h2 class=\"elementor-heading-title elementor-size-default\">By streamlining administration, we gain more time<\/h2>\t\t<\/div>\n\t\t\t\t<\/div>\n\t\t\t\t\t<\/div>\n\t\t<\/div>\n\t\t\t\t<div class=\"elementor-column elementor-col-66 elementor-top-column elementor-element elementor-element-15a6460\" data-id=\"15a6460\" data-element_type=\"column\">\n\t\t\t<div class=\"elementor-widget-wrap elementor-element-populated\">\n\t\t\t\t\t\t<div class=\"elementor-element elementor-element-9e4160b elementor-widget elementor-widget-text-editor\" data-id=\"9e4160b\" data-element_type=\"widget\" data-widget_type=\"text-editor.default\">\n\t\t\t\t<div class=\"elementor-widget-container\">\n\t\t\t\t\t\t\t<p><span style=\"font-weight: 400;\">As your accounting firm in Sollentuna, we are passionate about helping you with everything related to accounting and reporting. This is because we know how much of a difference our services can make for you as an entrepreneur, both within the company and in your private life.\u00a0<\/span><\/p><p><span style=\"font-weight: 400;\">By streamlining administration, we not only ensure that you have a nicer, better and more comfortable working life where everything flows as it should. But as your accounting firm in Sollentuna, we constantly strive to free up more time for you, so that you can devote yourself to what is important in your life. <\/span><\/p>\t\t\t\t\t\t<\/div>\n\t\t\t\t<\/div>\n\t\t\t\t\t<\/div>\n\t\t<\/div>\n\t\t\t\t\t<\/div>\n\t\t<\/section>\n\t\t\t\t<section class=\"elementor-section elementor-top-section elementor-element elementor-element-cb5691f elementor-section-stretched elementor-section-height-min-height elementor-reverse-mobile elementor-section-items-top elementor-section-boxed elementor-section-height-default\" data-id=\"cb5691f\" data-element_type=\"section\" data-settings=\"{&quot;stretch_section&quot;:&quot;section-stretched&quot;,&quot;background_background&quot;:&quot;classic&quot;}\">\n\t\t\t\t\t\t<div class=\"elementor-container elementor-column-gap-wider\">\n\t\t\t\t\t<div class=\"elementor-column elementor-col-33 elementor-top-column elementor-element elementor-element-6c2ee5f\" data-id=\"6c2ee5f\" data-element_type=\"column\">\n\t\t\t<div class=\"elementor-widget-wrap elementor-element-populated\">\n\t\t\t\t\t\t<div class=\"elementor-element elementor-element-a0c6fc0 elementor-widget elementor-widget-heading\" data-id=\"a0c6fc0\" data-element_type=\"widget\" data-widget_type=\"heading.default\">\n\t\t\t\t<div class=\"elementor-widget-container\">\n\t\t\t<h2 class=\"elementor-heading-title elementor-size-default\">We work in silence, if you don&#039;t want us around<\/h2>\t\t<\/div>\n\t\t\t\t<\/div>\n\t\t\t\t<div class=\"elementor-element elementor-element-58b7a72 elementor-widget elementor-widget-text-editor\" data-id=\"58b7a72\" data-element_type=\"widget\" data-widget_type=\"text-editor.default\">\n\t\t\t\t<div class=\"elementor-widget-container\">\n\t\t\t\t\t\t\t<p><span style=\"font-weight: 400;\">If you choose to hire us for help with bookkeeping and accounting, services for administration, payroll, HR, financial management and legal advice are also included. Our experts ensure that you get exactly the help you need and want, where we adapt our work based on your wishes.<\/span><\/p><p><span style=\"font-weight: 400;\">As your partner, however, we are always close at hand. We take the time to listen to what you have to say, are happy to reflect with you on the structure and improvement opportunities, and make sure you have what you need at all times. With one of the market&#039;s sharpest systems for digital accounting, it has never been easier to hire an accounting firm in Sollentuna. <\/span><\/p>\t\t\t\t\t\t<\/div>\n\t\t\t\t<\/div>\n\t\t\t\t\t<\/div>\n\t\t<\/div>\n\t\t\t\t<div class=\"elementor-column elementor-col-66 elementor-top-column elementor-element elementor-element-b5c8929\" data-id=\"b5c8929\" data-element_type=\"column\">\n\t\t\t<div class=\"elementor-widget-wrap elementor-element-populated\">\n\t\t\t\t\t\t<div class=\"elementor-element elementor-element-f94a742 hexagon elementor-widget elementor-widget-image\" data-id=\"f94a742\" data-element_type=\"widget\" data-widget_type=\"image.default\">\n\t\t\t\t<div class=\"elementor-widget-container\">\n\t\t\t\t\t\t\t\t\t\t\t\t\t<img decoding=\"async\" width=\"600\" height=\"600\" src=\"https:\/\/dkr.se\/wp-content\/uploads\/2020\/06\/iStock-903421168-kvadrat.jpg\" class=\"attachment-full size-full wp-image-2905\" alt=\"\" srcset=\"https:\/\/dkr.se\/wp-content\/uploads\/2020\/06\/iStock-903421168-kvadrat.jpg 600w, https:\/\/dkr.se\/wp-content\/uploads\/2020\/06\/iStock-903421168-kvadrat-300x300.jpg 300w, https:\/\/dkr.se\/wp-content\/uploads\/2020\/06\/iStock-903421168-kvadrat-150x150.jpg 150w\" sizes=\"(max-width: 600px) 100vw, 600px\" \/>\t\t\t\t\t\t\t\t\t\t\t\t\t<\/div>\n\t\t\t\t<\/div>\n\t\t\t\t\t<\/div>\n\t\t<\/div>\n\t\t\t\t\t<\/div>\n\t\t<\/section>\n\t\t\t\t<\/div>","protected":false},"excerpt":{"rendered":"<p>Accounting firm in Sollentuna We free up your time so you can use it for what you want to do. There are many reasons why you should hire us as your accounting firm in Sollentuna. We work carefully and efficiently to ensure that your accounting is submitted in a neat manner, in good time, and [\u2026]<\/p>","protected":false},"author":3,"featured_media":435,"parent":0,"menu_order":0,"comment_status":"closed","ping_status":"closed","template":"","meta":{"footnotes":""},"categories":[],"tags":[],"class_list":["post-3198","page","type-page","status-publish","has-post-thumbnail","hentry"],"yoast_head":"<!-- This site is optimized with the Yoast SEO plugin v24.8.1 - https:\/\/yoast.com\/wordpress\/plugins\/seo\/ -->\n<title>Bokf\u00f6ringsbyr\u00e5 Sollentuna - DKR<\/title>\n<meta name=\"robots\" content=\"index, follow, max-snippet:-1, max-image-preview:large, max-video-preview:-1\" \/>\n<link rel=\"canonical\" href=\"https:\/\/dkr.se\/en\/bokforingsbyra-sollentuna\/\" \/>\n<meta property=\"og:locale\" content=\"en_GB\" \/>\n<meta property=\"og:type\" content=\"article\" \/>\n<meta property=\"og:title\" content=\"Bokf\u00f6ringsbyr\u00e5 Sollentuna - DKR\" \/>\n<meta property=\"og:description\" content=\"Bokf\u00f6ringsbyr\u00e5 i Sollentuna Vi frig\u00f6r din tid s\u00e5 att du kan anv\u00e4nda den till det du helst vill g\u00f6ra. Det finns m\u00e5nga anledningar till att du b\u00f6r anlita oss som din bokf\u00f6ringsbyr\u00e5 i Sollentuna. Vi arbetar noggrant och effektivt f\u00f6r att s\u00e4kerst\u00e4lla att din bokf\u00f6ring skickas in p\u00e5 ett snyggt s\u00e4tt, i god tid, och [&hellip;]\" \/>\n<meta property=\"og:url\" content=\"https:\/\/dkr.se\/en\/bokforingsbyra-sollentuna\/\" \/>\n<meta property=\"og:site_name\" content=\"DKR\" \/>\n<meta property=\"article:modified_time\" content=\"2025-02-05T09:59:35+00:00\" \/>\n<meta property=\"og:image\" content=\"https:\/\/dkr.se\/wp-content\/uploads\/2020\/05\/baby-4279697_1920.jpg\" \/>\n\t<meta property=\"og:image:width\" content=\"1920\" \/>\n\t<meta property=\"og:image:height\" content=\"1280\" \/>\n\t<meta property=\"og:image:type\" content=\"image\/jpeg\" \/>\n<meta name=\"twitter:card\" content=\"summary_large_image\" \/>\n<meta name=\"twitter:label1\" content=\"Estimated reading time\" \/>\n\t<meta name=\"twitter:data1\" content=\"4 minutes\" \/>\n<script type=\"application\/ld+json\" class=\"yoast-schema-graph\">{\"@context\":\"https:\/\/schema.org\",\"@graph\":[{\"@type\":\"WebPage\",\"@id\":\"https:\/\/dkr.se\/bokforingsbyra-sollentuna\/\",\"url\":\"https:\/\/dkr.se\/bokforingsbyra-sollentuna\/\",\"name\":\"Bokf\u00f6ringsbyr\u00e5 Sollentuna - DKR\",\"isPartOf\":{\"@id\":\"\/#website\"},\"primaryImageOfPage\":{\"@id\":\"https:\/\/dkr.se\/bokforingsbyra-sollentuna\/#primaryimage\"},\"image\":{\"@id\":\"https:\/\/dkr.se\/bokforingsbyra-sollentuna\/#primaryimage\"},\"thumbnailUrl\":\"https:\/\/dkr.se\/wp-content\/uploads\/2020\/05\/baby-4279697_1920.jpg\",\"datePublished\":\"2023-07-10T07:36:38+00:00\",\"dateModified\":\"2025-02-05T09:59:35+00:00\",\"breadcrumb\":{\"@id\":\"https:\/\/dkr.se\/bokforingsbyra-sollentuna\/#breadcrumb\"},\"inLanguage\":\"en-GB\",\"potentialAction\":[{\"@type\":\"ReadAction\",\"target\":[\"https:\/\/dkr.se\/bokforingsbyra-sollentuna\/\"]}]},{\"@type\":\"ImageObject\",\"inLanguage\":\"en-GB\",\"@id\":\"https:\/\/dkr.se\/bokforingsbyra-sollentuna\/#primaryimage\",\"url\":\"https:\/\/dkr.se\/wp-content\/uploads\/2020\/05\/baby-4279697_1920.jpg\",\"contentUrl\":\"https:\/\/dkr.se\/wp-content\/uploads\/2020\/05\/baby-4279697_1920.jpg\",\"width\":1920,\"height\":1280},{\"@type\":\"BreadcrumbList\",\"@id\":\"https:\/\/dkr.se\/bokforingsbyra-sollentuna\/#breadcrumb\",\"itemListElement\":[{\"@type\":\"ListItem\",\"position\":1,\"name\":\"Hem\",\"item\":\"dkr.se\/\"},{\"@type\":\"ListItem\",\"position\":2,\"name\":\"Bokf\u00f6ringsbyr\u00e5 Sollentuna\"}]},{\"@type\":\"WebSite\",\"@id\":\"\/#website\",\"url\":\"\/\",\"name\":\"DKR\",\"description\":\"Vi frig\u00f6r din tid och tar hand om l\u00f6n, ekonomi, HR och redovisning.\",\"publisher\":{\"@id\":\"\/#organization\"},\"potentialAction\":[{\"@type\":\"SearchAction\",\"target\":{\"@type\":\"EntryPoint\",\"urlTemplate\":\"\/?s={search_term_string}\"},\"query-input\":{\"@type\":\"PropertyValueSpecification\",\"valueRequired\":true,\"valueName\":\"search_term_string\"}}],\"inLanguage\":\"en-GB\"},{\"@type\":\"Organization\",\"@id\":\"\/#organization\",\"name\":\"Daniel Klasson Redovisning\",\"url\":\"\/\",\"logo\":{\"@type\":\"ImageObject\",\"inLanguage\":\"en-GB\",\"@id\":\"\/#\/schema\/logo\/image\/\",\"url\":\"https:\/\/dkr.se\/wp-content\/uploads\/2020\/04\/DKR-logga-120.png\",\"contentUrl\":\"https:\/\/dkr.se\/wp-content\/uploads\/2020\/04\/DKR-logga-120.png\",\"width\":292,\"height\":120,\"caption\":\"Daniel Klasson Redovisning\"},\"image\":{\"@id\":\"\/#\/schema\/logo\/image\/\"}}]}<\/script>\n<!-- \/ Yoast SEO plugin. -->","yoast_head_json":{"title":"Bokf\u00f6ringsbyr\u00e5 Sollentuna - DKR","robots":{"index":"index","follow":"follow","max-snippet":"max-snippet:-1","max-image-preview":"max-image-preview:large","max-video-preview":"max-video-preview:-1"},"canonical":"https:\/\/dkr.se\/en\/bokforingsbyra-sollentuna\/","og_locale":"en_GB","og_type":"article","og_title":"Bokf\u00f6ringsbyr\u00e5 Sollentuna - DKR","og_description":"Bokf\u00f6ringsbyr\u00e5 i Sollentuna Vi frig\u00f6r din tid s\u00e5 att du kan anv\u00e4nda den till det du helst vill g\u00f6ra. Det finns m\u00e5nga anledningar till att du b\u00f6r anlita oss som din bokf\u00f6ringsbyr\u00e5 i Sollentuna. Vi arbetar noggrant och effektivt f\u00f6r att s\u00e4kerst\u00e4lla att din bokf\u00f6ring skickas in p\u00e5 ett snyggt s\u00e4tt, i god tid, och [&hellip;]","og_url":"https:\/\/dkr.se\/en\/bokforingsbyra-sollentuna\/","og_site_name":"DKR","article_modified_time":"2025-02-05T09:59:35+00:00","og_image":[{"width":1920,"height":1280,"url":"https:\/\/dkr.se\/wp-content\/uploads\/2020\/05\/baby-4279697_1920.jpg","type":"image\/jpeg"}],"twitter_card":"summary_large_image","twitter_misc":{"Estimated reading time":"4 minutes"},"schema":{"@context":"https:\/\/schema.org","@graph":[{"@type":"WebPage","@id":"https:\/\/dkr.se\/bokforingsbyra-sollentuna\/","url":"https:\/\/dkr.se\/bokforingsbyra-sollentuna\/","name":"Bokf\u00f6ringsbyr\u00e5 Sollentuna - DKR","isPartOf":{"@id":"\/#website"},"primaryImageOfPage":{"@id":"https:\/\/dkr.se\/bokforingsbyra-sollentuna\/#primaryimage"},"image":{"@id":"https:\/\/dkr.se\/bokforingsbyra-sollentuna\/#primaryimage"},"thumbnailUrl":"https:\/\/dkr.se\/wp-content\/uploads\/2020\/05\/baby-4279697_1920.jpg","datePublished":"2023-07-10T07:36:38+00:00","dateModified":"2025-02-05T09:59:35+00:00","breadcrumb":{"@id":"https:\/\/dkr.se\/bokforingsbyra-sollentuna\/#breadcrumb"},"inLanguage":"en-GB","potentialAction":[{"@type":"ReadAction","target":["https:\/\/dkr.se\/bokforingsbyra-sollentuna\/"]}]},{"@type":"ImageObject","inLanguage":"en-GB","@id":"https:\/\/dkr.se\/bokforingsbyra-sollentuna\/#primaryimage","url":"https:\/\/dkr.se\/wp-content\/uploads\/2020\/05\/baby-4279697_1920.jpg","contentUrl":"https:\/\/dkr.se\/wp-content\/uploads\/2020\/05\/baby-4279697_1920.jpg","width":1920,"height":1280},{"@type":"BreadcrumbList","@id":"https:\/\/dkr.se\/bokforingsbyra-sollentuna\/#breadcrumb","itemListElement":[{"@type":"ListItem","position":1,"name":"Hem","item":"dkr.se\/"},{"@type":"ListItem","position":2,"name":"Bokf\u00f6ringsbyr\u00e5 Sollentuna"}]},{"@type":"WebSite","@id":"\/#website","url":"\/","name":"DKK","description":"We free up your time and take care of salary, finance, HR and accounting.","publisher":{"@id":"\/#organization"},"potentialAction":[{"@type":"SearchAction","target":{"@type":"EntryPoint","urlTemplate":"\/?s={search_term_string}"},"query-input":{"@type":"PropertyValueSpecification","valueRequired":true,"valueName":"search_term_string"}}],"inLanguage":"en-GB"},{"@type":"Organization","@id":"\/#organization","name":"Daniel Klasson Accounting","url":"\/","logo":{"@type":"ImageObject","inLanguage":"en-GB","@id":"\/#\/schema\/logo\/image\/","url":"https:\/\/dkr.se\/wp-content\/uploads\/2020\/04\/DKR-logga-120.png","contentUrl":"https:\/\/dkr.se\/wp-content\/uploads\/2020\/04\/DKR-logga-120.png","width":292,"height":120,"caption":"Daniel Klasson Redovisning"},"image":{"@id":"\/#\/schema\/logo\/image\/"}}]}},"_links":{"self":[{"href":"https:\/\/dkr.se\/en\/wp-json\/wp\/v2\/pages\/3198","targetHints":{"allow":["GET"]}}],"collection":[{"href":"https:\/\/dkr.se\/en\/wp-json\/wp\/v2\/pages"}],"about":[{"href":"https:\/\/dkr.se\/en\/wp-json\/wp\/v2\/types\/page"}],"author":[{"embeddable":true,"href":"https:\/\/dkr.se\/en\/wp-json\/wp\/v2\/users\/3"}],"replies":[{"embeddable":true,"href":"https:\/\/dkr.se\/en\/wp-json\/wp\/v2\/comments?post=3198"}],"version-history":[{"count":11,"href":"https:\/\/dkr.se\/en\/wp-json\/wp\/v2\/pages\/3198\/revisions"}],"predecessor-version":[{"id":4127,"href":"https:\/\/dkr.se\/en\/wp-json\/wp\/v2\/pages\/3198\/revisions\/4127"}],"wp:featuredmedia":[{"embeddable":true,"href":"https:\/\/dkr.se\/en\/wp-json\/wp\/v2\/media\/435"}],"wp:attachment":[{"href":"https:\/\/dkr.se\/en\/wp-json\/wp\/v2\/media?parent=3198"}],"wp:term":[{"taxonomy":"category","embeddable":true,"href":"https:\/\/dkr.se\/en\/wp-json\/wp\/v2\/categories?post=3198"},{"taxonomy":"post_tag","embeddable":true,"href":"https:\/\/dkr.se\/en\/wp-json\/wp\/v2\/tags?post=3198"}],"curies":[{"name":"wp","href":"https:\/\/api.w.org\/{rel}","templated":true}]}}