{"id":3232,"date":"2023-08-26T18:08:22","date_gmt":"2023-08-26T18:08:22","guid":{"rendered":"\/?page_id=3232"},"modified":"2025-02-05T11:09:34","modified_gmt":"2025-02-05T10:09:34","slug":"redovisningsbyra-danderyd","status":"publish","type":"page","link":"https:\/\/dkr.se\/en\/redovisningsbyra-danderyd\/","title":{"rendered":"Accounting firm Danderyd"},"content":{"rendered":"<div data-elementor-type=\"wp-page\" data-elementor-id=\"3232\" class=\"elementor elementor-3232\" data-elementor-post-type=\"page\">\n\t\t\t\t\t\t<section class=\"elementor-section elementor-top-section elementor-element elementor-element-35e67a4 elementor-section-boxed elementor-section-height-default elementor-section-height-default\" data-id=\"35e67a4\" data-element_type=\"section\">\n\t\t\t\t\t\t<div class=\"elementor-container elementor-column-gap-default\">\n\t\t\t\t\t<div class=\"elementor-column elementor-col-100 elementor-top-column elementor-element elementor-element-c8d2e53\" data-id=\"c8d2e53\" data-element_type=\"column\">\n\t\t\t<div class=\"elementor-widget-wrap elementor-element-populated\">\n\t\t\t\t\t\t<div class=\"elementor-element elementor-element-55f90cd3 elementor-widget elementor-widget-text-editor\" data-id=\"55f90cd3\" data-element_type=\"widget\" data-widget_type=\"text-editor.default\">\n\t\t\t\t<div class=\"elementor-widget-container\">\n\t\t\t\t\t\t\t<p><span style=\"font-weight: 400;\">For those of you who want professional help with accounting and bookkeeping for companies, you are warmly welcome to contact us at DKR. We are available as an accounting firm in Danderyd for those of you who cannot, do not want or have the strength to handle all the auditing yourself. Regardless of whether you run a smaller company in the form of a sole proprietorship or if it concerns a larger organization or limited company, you can feel secure that we are here for you when you need us.\u00a0<\/span><\/p><p><span style=\"font-weight: 400;\">As <\/span><b>your accounting firm in Danderyd<\/b><span style=\"font-weight: 400;\"> We make sure to adapt our work to the personal needs and wishes of you and your company. This means that we spend a lot of time initially finding a structure and a plan that matches your conditions and your unique situation. Then we begin our work, where you can put all the responsibility on us.\u00a0<\/span><\/p>\t\t\t\t\t\t<\/div>\n\t\t\t\t<\/div>\n\t\t\t\t<div class=\"elementor-element elementor-element-133576d elementor-widget elementor-widget-button\" data-id=\"133576d\" data-element_type=\"widget\" data-widget_type=\"button.default\">\n\t\t\t\t<div class=\"elementor-widget-container\">\n\t\t\t\t\t\t\t<div class=\"elementor-button-wrapper\">\n\t\t\t\t\t<a class=\"elementor-button elementor-button-link elementor-size-sm\" href=\"https:\/\/dkr.se\/en\/kontakta-oss\/\">\n\t\t\t\t\t\t<span class=\"elementor-button-content-wrapper\">\n\t\t\t\t\t\t\t\t\t<span class=\"elementor-button-text\">Contact us<\/span>\n\t\t\t\t\t<\/span>\n\t\t\t\t\t<\/a>\n\t\t\t\t<\/div>\n\t\t\t\t\t\t<\/div>\n\t\t\t\t<\/div>\n\t\t\t\t\t<\/div>\n\t\t<\/div>\n\t\t\t\t\t<\/div>\n\t\t<\/section>\n\t\t\t\t<section class=\"elementor-section elementor-top-section elementor-element elementor-element-e7d44db elementor-section-boxed elementor-section-height-default elementor-section-height-default\" data-id=\"e7d44db\" data-element_type=\"section\">\n\t\t\t\t\t\t<div class=\"elementor-container elementor-column-gap-default\">\n\t\t\t\t\t<div class=\"elementor-column elementor-col-100 elementor-top-column elementor-element elementor-element-196313f\" data-id=\"196313f\" data-element_type=\"column\">\n\t\t\t<div class=\"elementor-widget-wrap elementor-element-populated\">\n\t\t\t\t\t\t<div class=\"elementor-element elementor-element-a24bebc elementor-widget elementor-widget-image\" data-id=\"a24bebc\" data-element_type=\"widget\" data-widget_type=\"image.default\">\n\t\t\t\t<div class=\"elementor-widget-container\">\n\t\t\t\t\t\t\t\t\t\t\t\t\t<img fetchpriority=\"high\" decoding=\"async\" width=\"800\" height=\"408\" src=\"https:\/\/dkr.se\/wp-content\/uploads\/2025\/02\/Redovisningsbyra-i-Danderyd.jpg\" class=\"attachment-large size-large wp-image-4137\" alt=\"Redovisningsbyr\u00e5 i Danderyd\" srcset=\"https:\/\/dkr.se\/wp-content\/uploads\/2025\/02\/Redovisningsbyra-i-Danderyd.jpg 800w, https:\/\/dkr.se\/wp-content\/uploads\/2025\/02\/Redovisningsbyra-i-Danderyd-18x9.jpg 18w\" sizes=\"(max-width: 800px) 100vw, 800px\" \/>\t\t\t\t\t\t\t\t\t\t\t\t\t<\/div>\n\t\t\t\t<\/div>\n\t\t\t\t\t<\/div>\n\t\t<\/div>\n\t\t\t\t\t<\/div>\n\t\t<\/section>\n\t\t\t\t<section class=\"elementor-section elementor-top-section elementor-element elementor-element-77c7e00 elementor-section-stretched elementor-section-height-min-height elementor-reverse-mobile elementor-section-items-top elementor-section-boxed elementor-section-height-default\" data-id=\"77c7e00\" data-element_type=\"section\" data-settings=\"{&quot;stretch_section&quot;:&quot;section-stretched&quot;,&quot;background_background&quot;:&quot;classic&quot;}\">\n\t\t\t\t\t\t<div class=\"elementor-container elementor-column-gap-wider\">\n\t\t\t\t\t<div class=\"elementor-column elementor-col-33 elementor-top-column elementor-element elementor-element-a2235a6\" data-id=\"a2235a6\" data-element_type=\"column\">\n\t\t\t<div class=\"elementor-widget-wrap elementor-element-populated\">\n\t\t\t\t\t\t<div class=\"elementor-element elementor-element-213182a elementor-widget elementor-widget-heading\" data-id=\"213182a\" data-element_type=\"widget\" data-widget_type=\"heading.default\">\n\t\t\t\t<div class=\"elementor-widget-container\">\n\t\t\t<h2 class=\"elementor-heading-title elementor-size-default\">We give you the right conditions \u2013 hire us as your accounting firm Danderyd \n<\/h2>\t\t<\/div>\n\t\t\t\t<\/div>\n\t\t\t\t\t<\/div>\n\t\t<\/div>\n\t\t\t\t<div class=\"elementor-column elementor-col-66 elementor-top-column elementor-element elementor-element-45b70da\" data-id=\"45b70da\" data-element_type=\"column\">\n\t\t\t<div class=\"elementor-widget-wrap elementor-element-populated\">\n\t\t\t\t\t\t<div class=\"elementor-element elementor-element-b30d65f elementor-widget elementor-widget-text-editor\" data-id=\"b30d65f\" data-element_type=\"widget\" data-widget_type=\"text-editor.default\">\n\t\t\t\t<div class=\"elementor-widget-container\">\n\t\t\t\t\t\t\t<p><span style=\"font-weight: 400;\">When you hire us as an accounting firm in Danderyd, you can trust that we will do everything necessary to give you the best possible conditions to do the right thing. We take care of all the practicalities and ensure that all the necessary information and figures are in order in good time, while you do what you are good at within the company.\u00a0<\/span><\/p><p><span style=\"font-weight: 400;\">By getting help with your company&#039;s accounting, you not only ensure that all work is done correctly, which is of the utmost importance since accounting is such a crucial part of business. But as an accounting firm in Danderyd, we also ensure that you have much more time for other things. Both in your work and in everyday life and life in general.\u00a0<\/span><\/p>\t\t\t\t\t\t<\/div>\n\t\t\t\t<\/div>\n\t\t\t\t\t<\/div>\n\t\t<\/div>\n\t\t\t\t\t<\/div>\n\t\t<\/section>\n\t\t\t\t<section class=\"elementor-section elementor-top-section elementor-element elementor-element-aea93ad elementor-section-stretched elementor-section-height-min-height elementor-reverse-mobile elementor-section-items-top elementor-section-boxed elementor-section-height-default\" data-id=\"aea93ad\" data-element_type=\"section\" data-settings=\"{&quot;stretch_section&quot;:&quot;section-stretched&quot;,&quot;background_background&quot;:&quot;classic&quot;}\">\n\t\t\t\t\t\t<div class=\"elementor-container elementor-column-gap-wider\">\n\t\t\t\t\t<div class=\"elementor-column elementor-col-33 elementor-top-column elementor-element elementor-element-b602577\" data-id=\"b602577\" data-element_type=\"column\">\n\t\t\t<div class=\"elementor-widget-wrap elementor-element-populated\">\n\t\t\t\t\t\t<div class=\"elementor-element elementor-element-260c4f1 elementor-widget elementor-widget-heading\" data-id=\"260c4f1\" data-element_type=\"widget\" data-widget_type=\"heading.default\">\n\t\t\t\t<div class=\"elementor-widget-container\">\n\t\t\t<h2 class=\"elementor-heading-title elementor-size-default\">Our complete accounting services \n<\/h2>\t\t<\/div>\n\t\t\t\t<\/div>\n\t\t\t\t<div class=\"elementor-element elementor-element-e7d4876 elementor-widget elementor-widget-text-editor\" data-id=\"e7d4876\" data-element_type=\"widget\" data-widget_type=\"text-editor.default\">\n\t\t\t\t<div class=\"elementor-widget-container\">\n\t\t\t\t\t\t\t<p><span style=\"font-weight: 400;\">As an accounting firm in Danderyd, we want to be able to offer you as a customer that little extra. And we don&#039;t just mean that we perform at our best by working carefully, efficiently and according to plan to ensure that your accounting is handled as neatly as possible.\u00a0<\/span><\/p>\t\t\t\t\t\t<\/div>\n\t\t\t\t<\/div>\n\t\t\t\t\t<\/div>\n\t\t<\/div>\n\t\t\t\t<div class=\"elementor-column elementor-col-66 elementor-top-column elementor-element elementor-element-74ee449\" data-id=\"74ee449\" data-element_type=\"column\">\n\t\t\t<div class=\"elementor-widget-wrap elementor-element-populated\">\n\t\t\t\t\t\t<div class=\"elementor-element elementor-element-1f979ec elementor-widget elementor-widget-text-editor\" data-id=\"1f979ec\" data-element_type=\"widget\" data-widget_type=\"text-editor.default\">\n\t\t\t\t<div class=\"elementor-widget-container\">\n\t\t\t\t\t\t\t<p><span style=\"font-weight: 400;\">But by that little extra, we mean that our accounting services are fully complete and available to all companies and entrepreneurs. In addition to the fact that you can hire us as an accounting firm in Danderyd to get help with accounting and bookkeeping, our experts can help you with the following:<\/span><\/p><ul><li style=\"font-weight: 400;\" aria-level=\"1\"><span style=\"font-weight: 400;\">Wages\u00a0<\/span><\/li><li style=\"font-weight: 400;\" aria-level=\"1\"><span style=\"font-weight: 400;\">Personnel and HR<\/span><\/li><li style=\"font-weight: 400;\" aria-level=\"1\"><span style=\"font-weight: 400;\">Financial management<\/span><\/li><li style=\"font-weight: 400;\" aria-level=\"1\"><span style=\"font-weight: 400;\">Administration<\/span><\/li><li style=\"font-weight: 400;\" aria-level=\"1\"><span style=\"font-weight: 400;\">Legal advice<\/span><\/li><li style=\"font-weight: 400;\" aria-level=\"1\"><span style=\"font-weight: 400;\">Real-time reporting\u00a0<br \/><br \/><\/span><\/li><\/ul><h3>We make sure to find the best setup for your company.\u00a0<\/h3><p><span style=\"font-weight: 400;\">Are you interested in getting help with any of the above tasks and tasks within your company? All you need to do is contact us at DKR accounting firm Danderyd and describe your needs.\u00a0<\/span><\/p><p><span style=\"font-weight: 400;\">As soon as you have submitted your request, we, together with our team, will develop a plan that we believe may suit you, based entirely on the situation you are in. As an accounting firm in Danderyd, we value that you as a customer can get the help you need, exactly in the way you want!\u00a0<\/span><\/p><p><span style=\"font-weight: 400;\">The next step is for you to approve our plan \u2013 we want you to feel safe and comfortable with the work we carry out, in all situations. If you approve the proposed arrangement, we, as your accounting firm in Danderyd, will shortly start working and ensure that your accounting and bookkeeping is handled in the best possible way according to your needs.\u00a0<\/span><\/p><p><b>Here&#039;s what happens when you contact us with a request for accounting services:\u00a0<\/b><\/p><ol><li style=\"font-weight: 400;\" aria-level=\"1\"><span style=\"font-weight: 400;\">Contact us and describe what you need help with.<\/span><\/li><li style=\"font-weight: 400;\" aria-level=\"1\"><span style=\"font-weight: 400;\">We will review your request and send you back a quote\/suitable plan.<\/span><\/li><li style=\"font-weight: 400;\" aria-level=\"1\"><span style=\"font-weight: 400;\">You are responsible for approving our proposal.\u00a0<\/span><\/li><li style=\"font-weight: 400;\" aria-level=\"1\"><span style=\"font-weight: 400;\">As soon as you have approved the plan, we will start our work.\u00a0<\/span><\/li><li style=\"font-weight: 400;\" aria-level=\"1\"><span style=\"font-weight: 400;\">You can feel confident that we are responsible for everything regarding your accounting!\u00a0<\/span><\/li><\/ol>\t\t\t\t\t\t<\/div>\n\t\t\t\t<\/div>\n\t\t\t\t\t<\/div>\n\t\t<\/div>\n\t\t\t\t\t<\/div>\n\t\t<\/section>\n\t\t\t\t<section class=\"elementor-section elementor-top-section elementor-element elementor-element-11f1747 elementor-section-stretched elementor-section-height-min-height elementor-reverse-mobile elementor-section-items-top elementor-section-boxed elementor-section-height-default\" data-id=\"11f1747\" data-element_type=\"section\" data-settings=\"{&quot;stretch_section&quot;:&quot;section-stretched&quot;,&quot;background_background&quot;:&quot;classic&quot;}\">\n\t\t\t\t\t\t<div class=\"elementor-container elementor-column-gap-wider\">\n\t\t\t\t\t<div class=\"elementor-column elementor-col-33 elementor-top-column elementor-element elementor-element-1205ec9\" data-id=\"1205ec9\" data-element_type=\"column\">\n\t\t\t<div class=\"elementor-widget-wrap elementor-element-populated\">\n\t\t\t\t\t\t<div class=\"elementor-element elementor-element-1fa22eb elementor-widget elementor-widget-heading\" data-id=\"1fa22eb\" data-element_type=\"widget\" data-widget_type=\"heading.default\">\n\t\t\t\t<div class=\"elementor-widget-container\">\n\t\t\t<h2 class=\"elementor-heading-title elementor-size-default\">Accounting firm in Danderyd with a focus on freeing up more time\n<\/h2>\t\t<\/div>\n\t\t\t\t<\/div>\n\t\t\t\t\t<\/div>\n\t\t<\/div>\n\t\t\t\t<div class=\"elementor-column elementor-col-66 elementor-top-column elementor-element elementor-element-15a6460\" data-id=\"15a6460\" data-element_type=\"column\">\n\t\t\t<div class=\"elementor-widget-wrap elementor-element-populated\">\n\t\t\t\t\t\t<div class=\"elementor-element elementor-element-9e4160b elementor-widget elementor-widget-text-editor\" data-id=\"9e4160b\" data-element_type=\"widget\" data-widget_type=\"text-editor.default\">\n\t\t\t\t<div class=\"elementor-widget-container\">\n\t\t\t\t\t\t\t<p><span style=\"font-weight: 400;\">As your accounting firm in Danderyd, our main focus is on being able to offer services that help you as an entrepreneur and customer to spend more time on other things in life. In short, we free up your time, so that you can use it for what you most want to do in life. Regardless of whether it concerns business priorities or time for other things in your private life.\u00a0<\/span><\/p><p><span style=\"font-weight: 400;\">When you hire us for accounting help, you never have to compromise on quality or results. Instead, you can trust that we do our absolute utmost every step of the way to deliver top-class accounting and bookkeeping. Everything simply flows exactly as it should, so you have time for what&#039;s important in life. Welcome to us as your accounting firm in Danderyd!<\/span><\/p>\t\t\t\t\t\t<\/div>\n\t\t\t\t<\/div>\n\t\t\t\t<div class=\"elementor-element elementor-element-0b67692 elementor-widget elementor-widget-button\" data-id=\"0b67692\" data-element_type=\"widget\" data-widget_type=\"button.default\">\n\t\t\t\t<div class=\"elementor-widget-container\">\n\t\t\t\t\t\t\t<div class=\"elementor-button-wrapper\">\n\t\t\t\t\t<a class=\"elementor-button elementor-button-link elementor-size-sm\" href=\"https:\/\/dkr.se\/en\/kontakta-oss\/\">\n\t\t\t\t\t\t<span class=\"elementor-button-content-wrapper\">\n\t\t\t\t\t\t\t\t\t<span class=\"elementor-button-text\">Contact us<\/span>\n\t\t\t\t\t<\/span>\n\t\t\t\t\t<\/a>\n\t\t\t\t<\/div>\n\t\t\t\t\t\t<\/div>\n\t\t\t\t<\/div>\n\t\t\t\t\t<\/div>\n\t\t<\/div>\n\t\t\t\t\t<\/div>\n\t\t<\/section>\n\t\t\t\t<\/div>","protected":false},"excerpt":{"rendered":"<p>F\u00f6r dig som vill f\u00e5 professionell hj\u00e4lp med redovisning och bokf\u00f6ring f\u00f6r f\u00f6retag \u00e4r du varmt v\u00e4lkommen att v\u00e4nda dig till oss p\u00e5 DKR. Vi finns tillg\u00e4ngliga som redovisningsbyr\u00e5 i Danderyd f\u00f6r dig som inte sj\u00e4lv kan, vill eller orkar sk\u00f6ta all revision. Oavsett om du bedriver ett mindre f\u00f6retag i form av en enskild [&hellip;]<\/p>","protected":false},"author":3,"featured_media":435,"parent":0,"menu_order":0,"comment_status":"closed","ping_status":"closed","template":"","meta":{"footnotes":""},"categories":[],"tags":[],"class_list":["post-3232","page","type-page","status-publish","has-post-thumbnail","hentry"],"yoast_head":"<!-- This site is optimized with the Yoast SEO plugin v24.8.1 - https:\/\/yoast.com\/wordpress\/plugins\/seo\/ -->\n<title>Redovisningsbyr\u00e5 Danderyd - DKR<\/title>\n<meta name=\"description\" content=\"DKR \u00e4r en modern bokf\u00f6ringsbyr\u00e5 som g\u00e4rna tar emot kunder fr\u00e5n Danderyd. Vi frig\u00f6r din tid s\u00e5 att du kan g\u00f6ra det du \u00e4r bra p\u00e5. Kontakta oss!\" \/>\n<meta name=\"robots\" content=\"index, follow, max-snippet:-1, max-image-preview:large, max-video-preview:-1\" \/>\n<link rel=\"canonical\" href=\"https:\/\/dkr.se\/en\/redovisningsbyra-danderyd\/\" \/>\n<meta property=\"og:locale\" content=\"en_GB\" \/>\n<meta property=\"og:type\" content=\"article\" \/>\n<meta property=\"og:title\" content=\"Redovisningsbyr\u00e5 Danderyd - DKR\" \/>\n<meta property=\"og:description\" content=\"DKR \u00e4r en modern bokf\u00f6ringsbyr\u00e5 som g\u00e4rna tar emot kunder fr\u00e5n Danderyd. Vi frig\u00f6r din tid s\u00e5 att du kan g\u00f6ra det du \u00e4r bra p\u00e5. Kontakta oss!\" \/>\n<meta property=\"og:url\" content=\"https:\/\/dkr.se\/en\/redovisningsbyra-danderyd\/\" \/>\n<meta property=\"og:site_name\" content=\"DKR\" \/>\n<meta property=\"article:modified_time\" content=\"2025-02-05T10:09:34+00:00\" \/>\n<meta property=\"og:image\" content=\"https:\/\/dkr.se\/wp-content\/uploads\/2020\/05\/baby-4279697_1920.jpg\" \/>\n\t<meta property=\"og:image:width\" content=\"1920\" \/>\n\t<meta property=\"og:image:height\" content=\"1280\" \/>\n\t<meta property=\"og:image:type\" content=\"image\/jpeg\" \/>\n<meta name=\"twitter:card\" content=\"summary_large_image\" \/>\n<meta name=\"twitter:label1\" content=\"Estimated reading time\" \/>\n\t<meta name=\"twitter:data1\" content=\"5 minutes\" \/>\n<script type=\"application\/ld+json\" class=\"yoast-schema-graph\">{\"@context\":\"https:\/\/schema.org\",\"@graph\":[{\"@type\":\"WebPage\",\"@id\":\"https:\/\/dkr.se\/redovisningsbyra-danderyd\/\",\"url\":\"https:\/\/dkr.se\/redovisningsbyra-danderyd\/\",\"name\":\"Redovisningsbyr\u00e5 Danderyd - DKR\",\"isPartOf\":{\"@id\":\"\/#website\"},\"primaryImageOfPage\":{\"@id\":\"https:\/\/dkr.se\/redovisningsbyra-danderyd\/#primaryimage\"},\"image\":{\"@id\":\"https:\/\/dkr.se\/redovisningsbyra-danderyd\/#primaryimage\"},\"thumbnailUrl\":\"https:\/\/dkr.se\/wp-content\/uploads\/2020\/05\/baby-4279697_1920.jpg\",\"datePublished\":\"2023-08-26T18:08:22+00:00\",\"dateModified\":\"2025-02-05T10:09:34+00:00\",\"description\":\"DKR \u00e4r en modern bokf\u00f6ringsbyr\u00e5 som g\u00e4rna tar emot kunder fr\u00e5n Danderyd. Vi frig\u00f6r din tid s\u00e5 att du kan g\u00f6ra det du \u00e4r bra p\u00e5. Kontakta oss!\",\"breadcrumb\":{\"@id\":\"https:\/\/dkr.se\/redovisningsbyra-danderyd\/#breadcrumb\"},\"inLanguage\":\"en-GB\",\"potentialAction\":[{\"@type\":\"ReadAction\",\"target\":[\"https:\/\/dkr.se\/redovisningsbyra-danderyd\/\"]}]},{\"@type\":\"ImageObject\",\"inLanguage\":\"en-GB\",\"@id\":\"https:\/\/dkr.se\/redovisningsbyra-danderyd\/#primaryimage\",\"url\":\"https:\/\/dkr.se\/wp-content\/uploads\/2020\/05\/baby-4279697_1920.jpg\",\"contentUrl\":\"https:\/\/dkr.se\/wp-content\/uploads\/2020\/05\/baby-4279697_1920.jpg\",\"width\":1920,\"height\":1280},{\"@type\":\"BreadcrumbList\",\"@id\":\"https:\/\/dkr.se\/redovisningsbyra-danderyd\/#breadcrumb\",\"itemListElement\":[{\"@type\":\"ListItem\",\"position\":1,\"name\":\"Hem\",\"item\":\"dkr.se\/\"},{\"@type\":\"ListItem\",\"position\":2,\"name\":\"Redovisningsbyr\u00e5 Danderyd\"}]},{\"@type\":\"WebSite\",\"@id\":\"\/#website\",\"url\":\"\/\",\"name\":\"DKR\",\"description\":\"Vi frig\u00f6r din tid och tar hand om l\u00f6n, ekonomi, HR och redovisning.\",\"publisher\":{\"@id\":\"\/#organization\"},\"potentialAction\":[{\"@type\":\"SearchAction\",\"target\":{\"@type\":\"EntryPoint\",\"urlTemplate\":\"\/?s={search_term_string}\"},\"query-input\":{\"@type\":\"PropertyValueSpecification\",\"valueRequired\":true,\"valueName\":\"search_term_string\"}}],\"inLanguage\":\"en-GB\"},{\"@type\":\"Organization\",\"@id\":\"\/#organization\",\"name\":\"Daniel Klasson Redovisning\",\"url\":\"\/\",\"logo\":{\"@type\":\"ImageObject\",\"inLanguage\":\"en-GB\",\"@id\":\"\/#\/schema\/logo\/image\/\",\"url\":\"https:\/\/dkr.se\/wp-content\/uploads\/2020\/04\/DKR-logga-120.png\",\"contentUrl\":\"https:\/\/dkr.se\/wp-content\/uploads\/2020\/04\/DKR-logga-120.png\",\"width\":292,\"height\":120,\"caption\":\"Daniel Klasson Redovisning\"},\"image\":{\"@id\":\"\/#\/schema\/logo\/image\/\"}}]}<\/script>\n<!-- \/ Yoast SEO plugin. -->","yoast_head_json":{"title":"Redovisningsbyr\u00e5 Danderyd - DKR","description":"DKR \u00e4r en modern bokf\u00f6ringsbyr\u00e5 som g\u00e4rna tar emot kunder fr\u00e5n Danderyd. Vi frig\u00f6r din tid s\u00e5 att du kan g\u00f6ra det du \u00e4r bra p\u00e5. Kontakta oss!","robots":{"index":"index","follow":"follow","max-snippet":"max-snippet:-1","max-image-preview":"max-image-preview:large","max-video-preview":"max-video-preview:-1"},"canonical":"https:\/\/dkr.se\/en\/redovisningsbyra-danderyd\/","og_locale":"en_GB","og_type":"article","og_title":"Redovisningsbyr\u00e5 Danderyd - DKR","og_description":"DKR \u00e4r en modern bokf\u00f6ringsbyr\u00e5 som g\u00e4rna tar emot kunder fr\u00e5n Danderyd. Vi frig\u00f6r din tid s\u00e5 att du kan g\u00f6ra det du \u00e4r bra p\u00e5. Kontakta oss!","og_url":"https:\/\/dkr.se\/en\/redovisningsbyra-danderyd\/","og_site_name":"DKR","article_modified_time":"2025-02-05T10:09:34+00:00","og_image":[{"width":1920,"height":1280,"url":"https:\/\/dkr.se\/wp-content\/uploads\/2020\/05\/baby-4279697_1920.jpg","type":"image\/jpeg"}],"twitter_card":"summary_large_image","twitter_misc":{"Estimated reading time":"5 minutes"},"schema":{"@context":"https:\/\/schema.org","@graph":[{"@type":"WebPage","@id":"https:\/\/dkr.se\/redovisningsbyra-danderyd\/","url":"https:\/\/dkr.se\/redovisningsbyra-danderyd\/","name":"Redovisningsbyr\u00e5 Danderyd - DKR","isPartOf":{"@id":"\/#website"},"primaryImageOfPage":{"@id":"https:\/\/dkr.se\/redovisningsbyra-danderyd\/#primaryimage"},"image":{"@id":"https:\/\/dkr.se\/redovisningsbyra-danderyd\/#primaryimage"},"thumbnailUrl":"https:\/\/dkr.se\/wp-content\/uploads\/2020\/05\/baby-4279697_1920.jpg","datePublished":"2023-08-26T18:08:22+00:00","dateModified":"2025-02-05T10:09:34+00:00","description":"DKR \u00e4r en modern bokf\u00f6ringsbyr\u00e5 som g\u00e4rna tar emot kunder fr\u00e5n Danderyd. Vi frig\u00f6r din tid s\u00e5 att du kan g\u00f6ra det du \u00e4r bra p\u00e5. Kontakta oss!","breadcrumb":{"@id":"https:\/\/dkr.se\/redovisningsbyra-danderyd\/#breadcrumb"},"inLanguage":"en-GB","potentialAction":[{"@type":"ReadAction","target":["https:\/\/dkr.se\/redovisningsbyra-danderyd\/"]}]},{"@type":"ImageObject","inLanguage":"en-GB","@id":"https:\/\/dkr.se\/redovisningsbyra-danderyd\/#primaryimage","url":"https:\/\/dkr.se\/wp-content\/uploads\/2020\/05\/baby-4279697_1920.jpg","contentUrl":"https:\/\/dkr.se\/wp-content\/uploads\/2020\/05\/baby-4279697_1920.jpg","width":1920,"height":1280},{"@type":"BreadcrumbList","@id":"https:\/\/dkr.se\/redovisningsbyra-danderyd\/#breadcrumb","itemListElement":[{"@type":"ListItem","position":1,"name":"Hem","item":"dkr.se\/"},{"@type":"ListItem","position":2,"name":"Redovisningsbyr\u00e5 Danderyd"}]},{"@type":"WebSite","@id":"\/#website","url":"\/","name":"DKK","description":"We free up your time and take care of salary, finance, HR and accounting.","publisher":{"@id":"\/#organization"},"potentialAction":[{"@type":"SearchAction","target":{"@type":"EntryPoint","urlTemplate":"\/?s={search_term_string}"},"query-input":{"@type":"PropertyValueSpecification","valueRequired":true,"valueName":"search_term_string"}}],"inLanguage":"en-GB"},{"@type":"Organization","@id":"\/#organization","name":"Daniel Klasson Accounting","url":"\/","logo":{"@type":"ImageObject","inLanguage":"en-GB","@id":"\/#\/schema\/logo\/image\/","url":"https:\/\/dkr.se\/wp-content\/uploads\/2020\/04\/DKR-logga-120.png","contentUrl":"https:\/\/dkr.se\/wp-content\/uploads\/2020\/04\/DKR-logga-120.png","width":292,"height":120,"caption":"Daniel Klasson Redovisning"},"image":{"@id":"\/#\/schema\/logo\/image\/"}}]}},"_links":{"self":[{"href":"https:\/\/dkr.se\/en\/wp-json\/wp\/v2\/pages\/3232","targetHints":{"allow":["GET"]}}],"collection":[{"href":"https:\/\/dkr.se\/en\/wp-json\/wp\/v2\/pages"}],"about":[{"href":"https:\/\/dkr.se\/en\/wp-json\/wp\/v2\/types\/page"}],"author":[{"embeddable":true,"href":"https:\/\/dkr.se\/en\/wp-json\/wp\/v2\/users\/3"}],"replies":[{"embeddable":true,"href":"https:\/\/dkr.se\/en\/wp-json\/wp\/v2\/comments?post=3232"}],"version-history":[{"count":11,"href":"https:\/\/dkr.se\/en\/wp-json\/wp\/v2\/pages\/3232\/revisions"}],"predecessor-version":[{"id":4140,"href":"https:\/\/dkr.se\/en\/wp-json\/wp\/v2\/pages\/3232\/revisions\/4140"}],"wp:featuredmedia":[{"embeddable":true,"href":"https:\/\/dkr.se\/en\/wp-json\/wp\/v2\/media\/435"}],"wp:attachment":[{"href":"https:\/\/dkr.se\/en\/wp-json\/wp\/v2\/media?parent=3232"}],"wp:term":[{"taxonomy":"category","embeddable":true,"href":"https:\/\/dkr.se\/en\/wp-json\/wp\/v2\/categories?post=3232"},{"taxonomy":"post_tag","embeddable":true,"href":"https:\/\/dkr.se\/en\/wp-json\/wp\/v2\/tags?post=3232"}],"curies":[{"name":"wp","href":"https:\/\/api.w.org\/{rel}","templated":true}]}}