{"id":3253,"date":"2023-08-30T16:33:18","date_gmt":"2023-08-30T16:33:18","guid":{"rendered":"\/?page_id=3253"},"modified":"2024-12-04T18:00:17","modified_gmt":"2024-12-04T17:00:17","slug":"redovisningsbyra-solna","status":"publish","type":"page","link":"https:\/\/dkr.se\/en\/redovisningsbyra-solna\/","title":{"rendered":"Accounting firm Solna"},"content":{"rendered":"<div data-elementor-type=\"wp-page\" data-elementor-id=\"3253\" class=\"elementor elementor-3253\" data-elementor-post-type=\"page\">\n\t\t\t\t\t\t<section class=\"elementor-section elementor-top-section elementor-element elementor-element-35e67a4 elementor-section-boxed elementor-section-height-default elementor-section-height-default\" data-id=\"35e67a4\" data-element_type=\"section\">\n\t\t\t\t\t\t<div class=\"elementor-container elementor-column-gap-default\">\n\t\t\t\t\t<div class=\"elementor-column elementor-col-100 elementor-top-column elementor-element elementor-element-c8d2e53\" data-id=\"c8d2e53\" data-element_type=\"column\">\n\t\t\t<div class=\"elementor-widget-wrap elementor-element-populated\">\n\t\t\t\t\t\t<div class=\"elementor-element elementor-element-55f90cd3 elementor-widget elementor-widget-text-editor\" data-id=\"55f90cd3\" data-element_type=\"widget\" data-widget_type=\"text-editor.default\">\n\t\t\t\t<div class=\"elementor-widget-container\">\n\t\t\t\t\t\t\t<p><span style=\"font-weight: 400;\">Are you in need of help with accounting in Solna? Then you have come to the right place! We are your reliable, knowledgeable and professional accounting firm in Solna. With many years of experience in the industry, we have the knowledge required to be able to help you in the best possible way, regardless of how your company is designed and what your needs are.\u00a0<\/span><\/p><p><span style=\"font-weight: 400;\">Our services are primarily available to those who want to hire an accounting firm in Solna as our office is located there. However, we are flexible and adaptable and can therefore also help those who are in need of an accounting firm in T\u00e4by, Sundbyberg or Liding\u00f6, among others. Welcome to contact us when you want accounting help!<\/span><\/p>\t\t\t\t\t\t<\/div>\n\t\t\t\t<\/div>\n\t\t\t\t<div class=\"elementor-element elementor-element-133576d elementor-widget elementor-widget-button\" data-id=\"133576d\" data-element_type=\"widget\" data-widget_type=\"button.default\">\n\t\t\t\t<div class=\"elementor-widget-container\">\n\t\t\t\t\t\t\t<div class=\"elementor-button-wrapper\">\n\t\t\t\t\t<a class=\"elementor-button elementor-button-link elementor-size-sm\" href=\"https:\/\/dkr.se\/en\/kontakta-oss\/\">\n\t\t\t\t\t\t<span class=\"elementor-button-content-wrapper\">\n\t\t\t\t\t\t\t\t\t<span class=\"elementor-button-text\">Contact us<\/span>\n\t\t\t\t\t<\/span>\n\t\t\t\t\t<\/a>\n\t\t\t\t<\/div>\n\t\t\t\t\t\t<\/div>\n\t\t\t\t<\/div>\n\t\t\t\t\t<\/div>\n\t\t<\/div>\n\t\t\t\t\t<\/div>\n\t\t<\/section>\n\t\t\t\t<section class=\"elementor-section elementor-top-section elementor-element elementor-element-77c7e00 elementor-section-stretched elementor-section-height-min-height elementor-reverse-mobile elementor-section-items-top elementor-section-boxed elementor-section-height-default\" data-id=\"77c7e00\" data-element_type=\"section\" data-settings=\"{&quot;stretch_section&quot;:&quot;section-stretched&quot;,&quot;background_background&quot;:&quot;classic&quot;}\">\n\t\t\t\t\t\t<div class=\"elementor-container elementor-column-gap-wider\">\n\t\t\t\t\t<div class=\"elementor-column elementor-col-33 elementor-top-column elementor-element elementor-element-a2235a6\" data-id=\"a2235a6\" data-element_type=\"column\">\n\t\t\t<div class=\"elementor-widget-wrap elementor-element-populated\">\n\t\t\t\t\t\t<div class=\"elementor-element elementor-element-213182a elementor-widget elementor-widget-heading\" data-id=\"213182a\" data-element_type=\"widget\" data-widget_type=\"heading.default\">\n\t\t\t\t<div class=\"elementor-widget-container\">\n\t\t\t<h2 class=\"elementor-heading-title elementor-size-default\">We give you more time for other things \n\n<\/h2>\t\t<\/div>\n\t\t\t\t<\/div>\n\t\t\t\t\t<\/div>\n\t\t<\/div>\n\t\t\t\t<div class=\"elementor-column elementor-col-66 elementor-top-column elementor-element elementor-element-45b70da\" data-id=\"45b70da\" data-element_type=\"column\">\n\t\t\t<div class=\"elementor-widget-wrap elementor-element-populated\">\n\t\t\t\t\t\t<div class=\"elementor-element elementor-element-b30d65f elementor-widget elementor-widget-text-editor\" data-id=\"b30d65f\" data-element_type=\"widget\" data-widget_type=\"text-editor.default\">\n\t\t\t\t<div class=\"elementor-widget-container\">\n\t\t\t\t\t\t\t<p><span style=\"font-weight: 400;\">As an accounting firm in Solna, we can ensure that with our help you can have a simpler, smoother and more pleasant everyday life. This is because you do not have to think about or be responsible for your accounting, but instead can leave all the work to us. The fact that we are also knowledgeable in the industry and have full control over what we do results in desirable results for everyone.\u00a0<\/span><\/p><p><span style=\"font-weight: 400;\">The idea is that with our accounting services you will get the relief you need and want, so that you can have more time for other things. Yes, time for what is important in life. If you choose to hire us as your accounting firm in Solna, we can guarantee that everything will run smoothly, safely, smoothly and efficiently. We are your reliable <strong>accounting firm in Solna<\/strong>, simply.\u00a0<\/span><\/p>\t\t\t\t\t\t<\/div>\n\t\t\t\t<\/div>\n\t\t\t\t\t<\/div>\n\t\t<\/div>\n\t\t\t\t\t<\/div>\n\t\t<\/section>\n\t\t\t\t<section class=\"elementor-section elementor-top-section elementor-element elementor-element-aea93ad elementor-section-stretched elementor-section-height-min-height elementor-reverse-mobile elementor-section-items-top elementor-section-boxed elementor-section-height-default\" data-id=\"aea93ad\" data-element_type=\"section\" data-settings=\"{&quot;stretch_section&quot;:&quot;section-stretched&quot;,&quot;background_background&quot;:&quot;classic&quot;}\">\n\t\t\t\t\t\t<div class=\"elementor-container elementor-column-gap-wider\">\n\t\t\t\t\t<div class=\"elementor-column elementor-col-33 elementor-top-column elementor-element elementor-element-b602577\" data-id=\"b602577\" data-element_type=\"column\">\n\t\t\t<div class=\"elementor-widget-wrap elementor-element-populated\">\n\t\t\t\t\t\t<div class=\"elementor-element elementor-element-260c4f1 elementor-widget elementor-widget-heading\" data-id=\"260c4f1\" data-element_type=\"widget\" data-widget_type=\"heading.default\">\n\t\t\t\t<div class=\"elementor-widget-container\">\n\t\t\t<h2 class=\"elementor-heading-title elementor-size-default\">Efficient work is profitable for both parties\n<\/h2>\t\t<\/div>\n\t\t\t\t<\/div>\n\t\t\t\t\t<\/div>\n\t\t<\/div>\n\t\t\t\t<div class=\"elementor-column elementor-col-66 elementor-top-column elementor-element elementor-element-74ee449\" data-id=\"74ee449\" data-element_type=\"column\">\n\t\t\t<div class=\"elementor-widget-wrap elementor-element-populated\">\n\t\t\t\t\t\t<div class=\"elementor-element elementor-element-1f979ec elementor-widget elementor-widget-text-editor\" data-id=\"1f979ec\" data-element_type=\"widget\" data-widget_type=\"text-editor.default\">\n\t\t\t\t<div class=\"elementor-widget-container\">\n\t\t\t\t\t\t\t<p><span style=\"font-weight: 400;\">Our main ambition is that we, as your accounting firm in Solna, will be able to give you more time for other things, for example spending more time with your children, more time being out in nature, or simply more time for rest and recovery. Regardless of what you work with and what accounting help needs you have, <\/span><i><span style=\"font-weight: 400;\">more time<\/span><\/i><span style=\"font-weight: 400;\"> something that most of us need and want.\u00a0<\/span><\/p><p><span style=\"font-weight: 400;\">It is worth mentioning, however, that we not only offer efficient accounting services so that you have more time for the things that are important in everyday life and life in general. We also constantly strive to streamline our own work so that <\/span><i><span style=\"font-weight: 400;\">we <\/span><\/i><span style=\"font-weight: 400;\">as an accounting firm in Solna will get more time. In other words, our focus, our development and our efficiency are profitable for both parties.\u00a0<\/span><\/p>\t\t\t\t\t\t<\/div>\n\t\t\t\t<\/div>\n\t\t\t\t\t<\/div>\n\t\t<\/div>\n\t\t\t\t\t<\/div>\n\t\t<\/section>\n\t\t\t\t<section class=\"elementor-section elementor-top-section elementor-element elementor-element-11f1747 elementor-section-stretched elementor-section-height-min-height elementor-reverse-mobile elementor-section-items-top elementor-section-boxed elementor-section-height-default\" data-id=\"11f1747\" data-element_type=\"section\" data-settings=\"{&quot;stretch_section&quot;:&quot;section-stretched&quot;,&quot;background_background&quot;:&quot;classic&quot;}\">\n\t\t\t\t\t\t<div class=\"elementor-container elementor-column-gap-wider\">\n\t\t\t\t\t<div class=\"elementor-column elementor-col-33 elementor-top-column elementor-element elementor-element-1205ec9\" data-id=\"1205ec9\" data-element_type=\"column\">\n\t\t\t<div class=\"elementor-widget-wrap elementor-element-populated\">\n\t\t\t\t\t\t<div class=\"elementor-element elementor-element-1fa22eb elementor-widget elementor-widget-heading\" data-id=\"1fa22eb\" data-element_type=\"widget\" data-widget_type=\"heading.default\">\n\t\t\t\t<div class=\"elementor-widget-container\">\n\t\t\t<h2 class=\"elementor-heading-title elementor-size-default\">Accounting services both in and outside Solna \n<\/h2>\t\t<\/div>\n\t\t\t\t<\/div>\n\t\t\t\t<div class=\"elementor-element elementor-element-0b67692 elementor-widget elementor-widget-button\" data-id=\"0b67692\" data-element_type=\"widget\" data-widget_type=\"button.default\">\n\t\t\t\t<div class=\"elementor-widget-container\">\n\t\t\t\t\t\t\t<div class=\"elementor-button-wrapper\">\n\t\t\t\t\t<a class=\"elementor-button elementor-button-link elementor-size-sm\" href=\"https:\/\/dkr.se\/en\/kontakta-oss\/\">\n\t\t\t\t\t\t<span class=\"elementor-button-content-wrapper\">\n\t\t\t\t\t\t\t\t\t<span class=\"elementor-button-text\">Contact us<\/span>\n\t\t\t\t\t<\/span>\n\t\t\t\t\t<\/a>\n\t\t\t\t<\/div>\n\t\t\t\t\t\t<\/div>\n\t\t\t\t<\/div>\n\t\t\t\t\t<\/div>\n\t\t<\/div>\n\t\t\t\t<div class=\"elementor-column elementor-col-66 elementor-top-column elementor-element elementor-element-15a6460\" data-id=\"15a6460\" data-element_type=\"column\">\n\t\t\t<div class=\"elementor-widget-wrap elementor-element-populated\">\n\t\t\t\t\t\t<div class=\"elementor-element elementor-element-9e4160b elementor-widget elementor-widget-text-editor\" data-id=\"9e4160b\" data-element_type=\"widget\" data-widget_type=\"text-editor.default\">\n\t\t\t\t<div class=\"elementor-widget-container\">\n\t\t\t\t\t\t\t<p><span style=\"font-weight: 400;\">Since we have our office in Solna, we primarily offer services as an accounting firm in Solna, that is, for those of you who live in or near the municipality. However, we are flexible and adaptable and can therefore also gladly accept clients who are in need of an accounting firm in T\u00e4by or Liding\u00f6, or in any other municipality in the Stockholm area.\u00a0<\/span><\/p><p><span style=\"font-weight: 400;\">As an accounting firm in Solna, we are passionate about helping you who are in need of help with accounting and everything that goes with it. Our services are available to both small and large companies, both in and outside Solna. Contact us and we will make sure to find the best possible solution for you! We are your reliable, personal and professional accounting firm.\u00a0<\/span><\/p>\t\t\t\t\t\t<\/div>\n\t\t\t\t<\/div>\n\t\t\t\t\t<\/div>\n\t\t<\/div>\n\t\t\t\t\t<\/div>\n\t\t<\/section>\n\t\t\t\t<\/div>","protected":false},"excerpt":{"rendered":"<p>Are you in need of help with accounting in Solna? Then you have come to the right place! We are your reliable, knowledgeable and professional accounting firm in Solna. With many years of experience in the industry, we have the knowledge required to be able to help you in the best possible way, regardless of how your company is [\u2026]<\/p>","protected":false},"author":3,"featured_media":435,"parent":0,"menu_order":0,"comment_status":"closed","ping_status":"closed","template":"","meta":{"footnotes":""},"categories":[],"tags":[],"class_list":["post-3253","page","type-page","status-publish","has-post-thumbnail","hentry"],"yoast_head":"<!-- This site is optimized with the Yoast SEO plugin v24.8.1 - https:\/\/yoast.com\/wordpress\/plugins\/seo\/ -->\n<title>Redovisningsbyr\u00e5 Solna - DKR<\/title>\n<meta name=\"description\" content=\"DKR \u00e4r en modern bokf\u00f6ringsbyr\u00e5 som g\u00e4rna tar emot kunder fr\u00e5n Danderyd. Vi frig\u00f6r din tid s\u00e5 att du kan g\u00f6ra det du \u00e4r bra p\u00e5. Kontakta oss!\" \/>\n<meta name=\"robots\" content=\"index, follow, max-snippet:-1, max-image-preview:large, max-video-preview:-1\" \/>\n<link rel=\"canonical\" href=\"https:\/\/dkr.se\/en\/redovisningsbyra-solna\/\" \/>\n<meta property=\"og:locale\" content=\"en_GB\" \/>\n<meta property=\"og:type\" content=\"article\" \/>\n<meta property=\"og:title\" content=\"Redovisningsbyr\u00e5 Solna - DKR\" \/>\n<meta property=\"og:description\" content=\"DKR \u00e4r en modern bokf\u00f6ringsbyr\u00e5 som g\u00e4rna tar emot kunder fr\u00e5n Danderyd. Vi frig\u00f6r din tid s\u00e5 att du kan g\u00f6ra det du \u00e4r bra p\u00e5. Kontakta oss!\" \/>\n<meta property=\"og:url\" content=\"https:\/\/dkr.se\/en\/redovisningsbyra-solna\/\" \/>\n<meta property=\"og:site_name\" content=\"DKR\" \/>\n<meta property=\"article:modified_time\" content=\"2024-12-04T17:00:17+00:00\" \/>\n<meta property=\"og:image\" content=\"https:\/\/dkr.se\/wp-content\/uploads\/2020\/05\/baby-4279697_1920.jpg\" \/>\n\t<meta property=\"og:image:width\" content=\"1920\" \/>\n\t<meta property=\"og:image:height\" content=\"1280\" \/>\n\t<meta property=\"og:image:type\" content=\"image\/jpeg\" \/>\n<meta name=\"twitter:card\" content=\"summary_large_image\" \/>\n<meta name=\"twitter:label1\" content=\"Estimated reading time\" \/>\n\t<meta name=\"twitter:data1\" content=\"3 minutes\" \/>\n<script type=\"application\/ld+json\" class=\"yoast-schema-graph\">{\"@context\":\"https:\/\/schema.org\",\"@graph\":[{\"@type\":\"WebPage\",\"@id\":\"https:\/\/dkr.se\/redovisningsbyra-solna\/\",\"url\":\"https:\/\/dkr.se\/redovisningsbyra-solna\/\",\"name\":\"Redovisningsbyr\u00e5 Solna - DKR\",\"isPartOf\":{\"@id\":\"\/#website\"},\"primaryImageOfPage\":{\"@id\":\"https:\/\/dkr.se\/redovisningsbyra-solna\/#primaryimage\"},\"image\":{\"@id\":\"https:\/\/dkr.se\/redovisningsbyra-solna\/#primaryimage\"},\"thumbnailUrl\":\"https:\/\/dkr.se\/wp-content\/uploads\/2020\/05\/baby-4279697_1920.jpg\",\"datePublished\":\"2023-08-30T16:33:18+00:00\",\"dateModified\":\"2024-12-04T17:00:17+00:00\",\"description\":\"DKR \u00e4r en modern bokf\u00f6ringsbyr\u00e5 som g\u00e4rna tar emot kunder fr\u00e5n Danderyd. Vi frig\u00f6r din tid s\u00e5 att du kan g\u00f6ra det du \u00e4r bra p\u00e5. Kontakta oss!\",\"breadcrumb\":{\"@id\":\"https:\/\/dkr.se\/redovisningsbyra-solna\/#breadcrumb\"},\"inLanguage\":\"en-GB\",\"potentialAction\":[{\"@type\":\"ReadAction\",\"target\":[\"https:\/\/dkr.se\/redovisningsbyra-solna\/\"]}]},{\"@type\":\"ImageObject\",\"inLanguage\":\"en-GB\",\"@id\":\"https:\/\/dkr.se\/redovisningsbyra-solna\/#primaryimage\",\"url\":\"https:\/\/dkr.se\/wp-content\/uploads\/2020\/05\/baby-4279697_1920.jpg\",\"contentUrl\":\"https:\/\/dkr.se\/wp-content\/uploads\/2020\/05\/baby-4279697_1920.jpg\",\"width\":1920,\"height\":1280},{\"@type\":\"BreadcrumbList\",\"@id\":\"https:\/\/dkr.se\/redovisningsbyra-solna\/#breadcrumb\",\"itemListElement\":[{\"@type\":\"ListItem\",\"position\":1,\"name\":\"Hem\",\"item\":\"dkr.se\/\"},{\"@type\":\"ListItem\",\"position\":2,\"name\":\"Redovisningsbyr\u00e5 Solna\"}]},{\"@type\":\"WebSite\",\"@id\":\"\/#website\",\"url\":\"\/\",\"name\":\"DKR\",\"description\":\"Vi frig\u00f6r din tid och tar hand om l\u00f6n, ekonomi, HR och redovisning.\",\"publisher\":{\"@id\":\"\/#organization\"},\"potentialAction\":[{\"@type\":\"SearchAction\",\"target\":{\"@type\":\"EntryPoint\",\"urlTemplate\":\"\/?s={search_term_string}\"},\"query-input\":{\"@type\":\"PropertyValueSpecification\",\"valueRequired\":true,\"valueName\":\"search_term_string\"}}],\"inLanguage\":\"en-GB\"},{\"@type\":\"Organization\",\"@id\":\"\/#organization\",\"name\":\"Daniel Klasson Redovisning\",\"url\":\"\/\",\"logo\":{\"@type\":\"ImageObject\",\"inLanguage\":\"en-GB\",\"@id\":\"\/#\/schema\/logo\/image\/\",\"url\":\"https:\/\/dkr.se\/wp-content\/uploads\/2020\/04\/DKR-logga-120.png\",\"contentUrl\":\"https:\/\/dkr.se\/wp-content\/uploads\/2020\/04\/DKR-logga-120.png\",\"width\":292,\"height\":120,\"caption\":\"Daniel Klasson Redovisning\"},\"image\":{\"@id\":\"\/#\/schema\/logo\/image\/\"}}]}<\/script>\n<!-- \/ Yoast SEO plugin. -->","yoast_head_json":{"title":"Redovisningsbyr\u00e5 Solna - DKR","description":"DKR \u00e4r en modern bokf\u00f6ringsbyr\u00e5 som g\u00e4rna tar emot kunder fr\u00e5n Danderyd. Vi frig\u00f6r din tid s\u00e5 att du kan g\u00f6ra det du \u00e4r bra p\u00e5. Kontakta oss!","robots":{"index":"index","follow":"follow","max-snippet":"max-snippet:-1","max-image-preview":"max-image-preview:large","max-video-preview":"max-video-preview:-1"},"canonical":"https:\/\/dkr.se\/en\/redovisningsbyra-solna\/","og_locale":"en_GB","og_type":"article","og_title":"Redovisningsbyr\u00e5 Solna - DKR","og_description":"DKR \u00e4r en modern bokf\u00f6ringsbyr\u00e5 som g\u00e4rna tar emot kunder fr\u00e5n Danderyd. Vi frig\u00f6r din tid s\u00e5 att du kan g\u00f6ra det du \u00e4r bra p\u00e5. Kontakta oss!","og_url":"https:\/\/dkr.se\/en\/redovisningsbyra-solna\/","og_site_name":"DKR","article_modified_time":"2024-12-04T17:00:17+00:00","og_image":[{"width":1920,"height":1280,"url":"https:\/\/dkr.se\/wp-content\/uploads\/2020\/05\/baby-4279697_1920.jpg","type":"image\/jpeg"}],"twitter_card":"summary_large_image","twitter_misc":{"Estimated reading time":"3 minutes"},"schema":{"@context":"https:\/\/schema.org","@graph":[{"@type":"WebPage","@id":"https:\/\/dkr.se\/redovisningsbyra-solna\/","url":"https:\/\/dkr.se\/redovisningsbyra-solna\/","name":"Redovisningsbyr\u00e5 Solna - DKR","isPartOf":{"@id":"\/#website"},"primaryImageOfPage":{"@id":"https:\/\/dkr.se\/redovisningsbyra-solna\/#primaryimage"},"image":{"@id":"https:\/\/dkr.se\/redovisningsbyra-solna\/#primaryimage"},"thumbnailUrl":"https:\/\/dkr.se\/wp-content\/uploads\/2020\/05\/baby-4279697_1920.jpg","datePublished":"2023-08-30T16:33:18+00:00","dateModified":"2024-12-04T17:00:17+00:00","description":"DKR \u00e4r en modern bokf\u00f6ringsbyr\u00e5 som g\u00e4rna tar emot kunder fr\u00e5n Danderyd. Vi frig\u00f6r din tid s\u00e5 att du kan g\u00f6ra det du \u00e4r bra p\u00e5. Kontakta oss!","breadcrumb":{"@id":"https:\/\/dkr.se\/redovisningsbyra-solna\/#breadcrumb"},"inLanguage":"en-GB","potentialAction":[{"@type":"ReadAction","target":["https:\/\/dkr.se\/redovisningsbyra-solna\/"]}]},{"@type":"ImageObject","inLanguage":"en-GB","@id":"https:\/\/dkr.se\/redovisningsbyra-solna\/#primaryimage","url":"https:\/\/dkr.se\/wp-content\/uploads\/2020\/05\/baby-4279697_1920.jpg","contentUrl":"https:\/\/dkr.se\/wp-content\/uploads\/2020\/05\/baby-4279697_1920.jpg","width":1920,"height":1280},{"@type":"BreadcrumbList","@id":"https:\/\/dkr.se\/redovisningsbyra-solna\/#breadcrumb","itemListElement":[{"@type":"ListItem","position":1,"name":"Hem","item":"dkr.se\/"},{"@type":"ListItem","position":2,"name":"Redovisningsbyr\u00e5 Solna"}]},{"@type":"WebSite","@id":"\/#website","url":"\/","name":"DKK","description":"We free up your time and take care of salary, finance, HR and accounting.","publisher":{"@id":"\/#organization"},"potentialAction":[{"@type":"SearchAction","target":{"@type":"EntryPoint","urlTemplate":"\/?s={search_term_string}"},"query-input":{"@type":"PropertyValueSpecification","valueRequired":true,"valueName":"search_term_string"}}],"inLanguage":"en-GB"},{"@type":"Organization","@id":"\/#organization","name":"Daniel Klasson Accounting","url":"\/","logo":{"@type":"ImageObject","inLanguage":"en-GB","@id":"\/#\/schema\/logo\/image\/","url":"https:\/\/dkr.se\/wp-content\/uploads\/2020\/04\/DKR-logga-120.png","contentUrl":"https:\/\/dkr.se\/wp-content\/uploads\/2020\/04\/DKR-logga-120.png","width":292,"height":120,"caption":"Daniel Klasson Redovisning"},"image":{"@id":"\/#\/schema\/logo\/image\/"}}]}},"_links":{"self":[{"href":"https:\/\/dkr.se\/en\/wp-json\/wp\/v2\/pages\/3253","targetHints":{"allow":["GET"]}}],"collection":[{"href":"https:\/\/dkr.se\/en\/wp-json\/wp\/v2\/pages"}],"about":[{"href":"https:\/\/dkr.se\/en\/wp-json\/wp\/v2\/types\/page"}],"author":[{"embeddable":true,"href":"https:\/\/dkr.se\/en\/wp-json\/wp\/v2\/users\/3"}],"replies":[{"embeddable":true,"href":"https:\/\/dkr.se\/en\/wp-json\/wp\/v2\/comments?post=3253"}],"version-history":[{"count":8,"href":"https:\/\/dkr.se\/en\/wp-json\/wp\/v2\/pages\/3253\/revisions"}],"predecessor-version":[{"id":3946,"href":"https:\/\/dkr.se\/en\/wp-json\/wp\/v2\/pages\/3253\/revisions\/3946"}],"wp:featuredmedia":[{"embeddable":true,"href":"https:\/\/dkr.se\/en\/wp-json\/wp\/v2\/media\/435"}],"wp:attachment":[{"href":"https:\/\/dkr.se\/en\/wp-json\/wp\/v2\/media?parent=3253"}],"wp:term":[{"taxonomy":"category","embeddable":true,"href":"https:\/\/dkr.se\/en\/wp-json\/wp\/v2\/categories?post=3253"},{"taxonomy":"post_tag","embeddable":true,"href":"https:\/\/dkr.se\/en\/wp-json\/wp\/v2\/tags?post=3253"}],"curies":[{"name":"wp","href":"https:\/\/api.w.org\/{rel}","templated":true}]}}